{"id":6168,"date":"2024-02-02T21:29:34","date_gmt":"2024-02-03T02:29:34","guid":{"rendered":"http:\/\/localhost\/equipemcinnis\/?page_id=6168"},"modified":"2024-02-02T23:38:52","modified_gmt":"2024-02-03T04:38:52","slug":"referez","status":"publish","type":"page","link":"https:\/\/sashamcinnis.com\/en\/referez\/","title":{"rendered":"Raving Fans Club"},"content":{"rendered":"<p>[et_pb_section fb_built=\u00a0\u00bb1&Prime; _builder_version=\u00a0\u00bb4.23.1&Prime; background_color=\u00a0\u00bb#FFFFFF\u00a0\u00bb custom_margin=\u00a0\u00bb||||false|false\u00a0\u00bb custom_padding=\u00a0\u00bb||||false|false\u00a0\u00bb global_colors_info=\u00a0\u00bb{}\u00a0\u00bb][et_pb_row column_structure=\u00a0\u00bb1_2,1_2&Prime; _builder_version=\u00a0\u00bb4.23.2&Prime; background_color=\u00a0\u00bb#FFFFFF\u00a0\u00bb background_size=\u00a0\u00bbinitial\u00a0\u00bb background_position=\u00a0\u00bbtop_left\u00a0\u00bb background_repeat=\u00a0\u00bbrepeat\u00a0\u00bb custom_margin=\u00a0\u00bb||||false|false\u00a0\u00bb custom_padding=\u00a0\u00bb|45px||45px|true|true\u00a0\u00bb border_width_all=\u00a0\u00bb2px\u00a0\u00bb border_color_all=\u00a0\u00bb#F3F5F6&Prime; global_colors_info=\u00a0\u00bb{}\u00a0\u00bb][et_pb_column type=\u00a0\u00bb1_2&Prime; _builder_version=\u00a0\u00bb4.16&Prime; custom_padding=\u00a0\u00bb|||\u00a0\u00bb global_colors_info=\u00a0\u00bb{}\u00a0\u00bb custom_padding__hover=\u00a0\u00bb|||\u00a0\u00bb][et_pb_heading title=\u00a0\u00bbVos r\u00e9f\u00e9rences contribuent au bien \u00catre de la communaut\u00e9\u00a0\u00bb _builder_version=\u00a0\u00bb4.23.3&Prime; _module_preset=\u00a0\u00bbdefault\u00a0\u00bb title_font=\u00a0\u00bbLato|300||on|||||\u00a0\u00bb title_text_color=\u00a0\u00bb#FF6B6B\u00a0\u00bb title_line_height=\u00a0\u00bb0.9em\u00a0\u00bb global_colors_info=\u00a0\u00bb{}\u00a0\u00bb][\/et_pb_heading][et_pb_image src=\u00a0\u00bbhttps:\/\/sashamcinnis.com\/wp-content\/uploads\/2023\/12\/Fan-Fini-Transparent.png\u00a0\u00bb _builder_version=\u00a0\u00bb4.24.0&Prime; _module_preset=\u00a0\u00bbdefault\u00a0\u00bb hover_enabled=\u00a0\u00bb0&Prime; global_colors_info=\u00a0\u00bb{}\u00a0\u00bb sticky_enabled=\u00a0\u00bb0&Prime;][\/et_pb_image][et_pb_text _builder_version=\u00a0\u00bb4.23.4&Prime; _module_preset=\u00a0\u00bbdfbdffca-f531-4732-bf43-8258b8efe69e\u00a0\u00bb text_font=\u00a0\u00bbRoboto|300|||||||\u00a0\u00bb text_font_size=\u00a0\u00bb17px\u00a0\u00bb header_font=\u00a0\u00bbLato|300||on|||||\u00a0\u00bb header_text_align=\u00a0\u00bbleft\u00a0\u00bb header_text_color=\u00a0\u00bb#FF6B6B\u00a0\u00bb header_font_size=\u00a0\u00bb42px\u00a0\u00bb text_orientation=\u00a0\u00bbjustified\u00a0\u00bb global_colors_info=\u00a0\u00bb{}\u00a0\u00bb]<\/p>\n<p style=\"text-align: justify;\"><small>Donner fait partie int\u00e9grante de chaque membre du personnel de l\u2019agence\u00a0<\/small><strong>Nous<span style=\"color: #bc5155;\">Vendons<\/span>Votre<span style=\"color: #489adc;\">Maison<\/span><\/strong><small>. <\/small><small>Depuis la fondation de l\u2019agence immobili\u00e8re, en f\u00e9vrier 2021, nous avons amass\u00e9 plus de<span>\u00a0<\/span><strong>331 000 $<\/strong><span>\u00a0<\/span>au profit de la communaut\u00e9.. Imaginez!!<\/small><\/p>\n<p style=\"text-align: justify;\">De f\u00e9vrier 2021 \u00e0 d\u00e9cembre 2021, nous avons donn\u00e9 :<\/p>\n<ul>\n<li style=\"text-align: justify;\"><small><strong>25 000 $<\/strong><span>\u00a0<\/span>\u00e0 la Mission Old Brewery qui s&rsquo;occupe des femmes itin\u00e9rantes<\/small><\/li>\n<li style=\"text-align: justify;\"><small><strong>25,000 $<\/strong><span>\u00a0<\/span>\u00e0 la Fondation L&rsquo;\u00c9toile de Pacho qui s&rsquo;occupe des parents\/familles d&rsquo;enfants lourdement handicap\u00e9s<\/small><\/li>\n<li style=\"text-align: justify;\"><small><strong>25,000 $<\/strong><span>\u00a0<\/span>\u00e0 l\u2019organisme Dystrophie Musculaire Canada<\/small><\/li>\n<li style=\"text-align: justify;\"><small><strong>25,000 $<\/strong><span>\u00a0<\/span>paniers de cadeaux pour No\u00ebl avec cartes cadeaux de 500$ chez Costco pour familles d\u00e9munies<\/small><\/li>\n<\/ul>\n<p style=\"text-align: justify;\">En 2022 et 2023 jusqu&rsquo;\u00e0 date nous avons \u00e9galement donn\u00e9:<\/p>\n<ul>\n<li style=\"text-align: justify;\"><small><strong>5000<\/strong><strong>\u00a0$<\/strong> \u00e0 la fondation de l&rsquo;hopital de Montr\u00e9al pour enfants<\/small><\/li>\n<li style=\"text-align: justify;\"><small>Nous avons donn\u00e9 plus de 40 sac \u00e0 dos pour la rentr\u00e9e scolaire aux enfants des centres de jeunesse de la Mont\u00e9r\u00e9gie<\/small><\/li>\n<li style=\"text-align: justify;\"><small>Nous avons contribu\u00e9 aux Paniers de Suzie en faisant don de cadeaux pour les enfants et de produits d&rsquo;\u00e9picerie pour les familles dans le besoin<\/small><\/li>\n<li style=\"text-align: justify;\"><small>\u00c0 l&rsquo;agence Nous Vendons Votre Maison, nous avons amass\u00e9 plus de<span>\u00a0<\/span><strong>231,000 $<span>\u00a0<\/span><\/strong>pour construire une maison pour les jeunes des centres de jeunesse de la Mont\u00e9r\u00e9gie.<\/small><span><\/span><\/li>\n<\/ul>\n<p style=\"text-align: justify;\"><span>Parlez de nous \u00e0 votre voisin, votre ami ou un membre de votre famille qui d\u00e9sire vendre sa propri\u00e9t\u00e9 au cours de la prochaine ann\u00e9e. R\u00e9aliser ce grand projet \u00e0 ses c\u00f4t\u00e9s sera un immense plaisir pour nous.<\/span><\/p>\n<p style=\"text-align: justify;\"><span>En nous confiant la vente d\u2019une propri\u00e9t\u00e9, vous faites la diff\u00e9rence dans votre communaut\u00e9. Une partie de chacune de nos r\u00e9tributions est redistribu\u00e9e \u00e0 une cause qui nous est ch\u00e8re. Nous aidons de nombreuses familles \u00e0 profiter d\u2019une meilleure qualit\u00e9 de vie!\u00a0<\/span><\/p>\n<p style=\"text-align: justify;\">\n<p>[\/et_pb_text][et_pb_text _builder_version=\u00a0\u00bb4.23.4&Prime; _module_preset=\u00a0\u00bbdefault\u00a0\u00bb text_font=\u00a0\u00bbRoboto|300|||||||\u00a0\u00bb text_font_size=\u00a0\u00bb17px\u00a0\u00bb global_colors_info=\u00a0\u00bb{}\u00a0\u00bb]<\/p>\n<p style=\"text-align: justify;\"><span>En guise de remerciement pour votre soutien, nous ajouterons votre nom aux membres de notre programme de reconnaissance Le Club Fan Fini.<\/span><\/p>\n<p style=\"text-align: justify;\"><span>\u00c0 titre de\u00a0membre privil\u00e9gi\u00e9,\u00a0nous vous r\u00e9servons plusieurs surprises.<\/span><\/p>\n<p style=\"text-align: justify;\"><strong><em>Le Club Fan Fini, c\u2019est quoi?<\/em><\/strong><\/p>\n<p style=\"text-align: justify;\"><span>C\u2019est\u00a0:<\/span><\/p>\n<p style=\"text-align: justify;\"><span>\u27a2 Une livraison mensuelle, pendant 3 mois, d\u2019un cadeau de remerciement \u00e0 votre domicile.<\/span><br \/><span>\u27a2 Une invitation \u00e0 un souper, avec la personne de votre choix, accompagn\u00e9 de votre courtier immobilier dans un restaurant.<\/span><\/p>\n<p style=\"text-align: justify;\"><span><\/span><\/p>\n<p style=\"text-align: justify;\"><span style=\"font-size: small;\"><em>*certaines conditions s&rsquo;appliquent<\/em><\/span><\/p>\n<p>[\/et_pb_text][\/et_pb_column][et_pb_column type=\u00a0\u00bb1_2&Prime; _builder_version=\u00a0\u00bb4.16&Prime; custom_padding=\u00a0\u00bb|||\u00a0\u00bb global_colors_info=\u00a0\u00bb{}\u00a0\u00bb custom_padding__hover=\u00a0\u00bb|||\u00a0\u00bb][et_pb_text _builder_version=\u00a0\u00bb4.23.3&Prime; _module_preset=\u00a0\u00bbdefault\u00a0\u00bb text_font=\u00a0\u00bbRoboto||||||||\u00a0\u00bb header_font=\u00a0\u00bbRoboto||||||||\u00a0\u00bb header_line_height=\u00a0\u00bb0.9em\u00a0\u00bb global_colors_info=\u00a0\u00bb{}\u00a0\u00bb]<\/p>\n<p>Pour nous envoyer une r\u00e9f\u00e9rence, compl\u00e9ter le formulaire suivant:<\/p>\n<p>[\/et_pb_text][wpforms_selector form_id=\u00a0\u00bb6810&Prime; _builder_version=\u00a0\u00bb4.23.3&Prime; _module_preset=\u00a0\u00bbdefault\u00a0\u00bb global_colors_info=\u00a0\u00bb{}\u00a0\u00bb][\/wpforms_selector][et_pb_text _builder_version=\u00a0\u00bb4.23.3&Prime; _module_preset=\u00a0\u00bbdefault\u00a0\u00bb global_colors_info=\u00a0\u00bb{}\u00a0\u00bb]<\/p>\n<p><b>Nous prenons soin de votre vie priv\u00e9e<\/b><br \/><span>Si vous avez des questions quant \u00e0 la cueillette, l\u2019utilisation ou la divulgation de vos renseignements personnels, veuillez consulter la section\u00a0<\/span><u>politique d\u2019utilisation et confidentialit\u00e9<\/u><span>\u00a0accessible par le lien qui est disponible au bas de cette page.<\/span><\/p>\n<p>[\/et_pb_text][et_pb_image src=\u00a0\u00bbhttps:\/\/sashamcinnis.com\/wp-content\/uploads\/2023\/12\/Referral-Heart.png\u00a0\u00bb _builder_version=\u00a0\u00bb4.24.0&Prime; _module_preset=\u00a0\u00bbdefault\u00a0\u00bb global_colors_info=\u00a0\u00bb{}\u00a0\u00bb][\/et_pb_image][\/et_pb_column][\/et_pb_row][\/et_pb_section]<\/p>\n","protected":false},"excerpt":{"rendered":"<p>Donner fait partie int\u00e9grante de chaque membre du personnel de l\u2019agence\u00a0NousVendonsVotreMaison. Depuis la fondation de l\u2019agence immobili\u00e8re, en f\u00e9vrier 2021, nous avons amass\u00e9 plus de\u00a0331 000 $\u00a0au profit de la communaut\u00e9.. Imaginez!! De f\u00e9vrier 2021 \u00e0 d\u00e9cembre 2021, nous avons donn\u00e9 : 25 000 $\u00a0\u00e0 la Mission Old Brewery qui s&rsquo;occupe des femmes itin\u00e9rantes 25,000 [&hellip;]<\/p>\n","protected":false},"author":1,"featured_media":0,"parent":0,"menu_order":0,"comment_status":"closed","ping_status":"closed","template":"","meta":{"_et_pb_use_builder":"on","_et_pb_old_content":"[wiseagent form_id='4446']","_et_gb_content_width":"","footnotes":""},"class_list":["post-6168","page","type-page","status-publish","hentry"],"_links":{"self":[{"href":"https:\/\/sashamcinnis.com\/en\/wp-json\/wp\/v2\/pages\/6168","targetHints":{"allow":["GET"]}}],"collection":[{"href":"https:\/\/sashamcinnis.com\/en\/wp-json\/wp\/v2\/pages"}],"about":[{"href":"https:\/\/sashamcinnis.com\/en\/wp-json\/wp\/v2\/types\/page"}],"author":[{"embeddable":true,"href":"https:\/\/sashamcinnis.com\/en\/wp-json\/wp\/v2\/users\/1"}],"replies":[{"embeddable":true,"href":"https:\/\/sashamcinnis.com\/en\/wp-json\/wp\/v2\/comments?post=6168"}],"version-history":[{"count":52,"href":"https:\/\/sashamcinnis.com\/en\/wp-json\/wp\/v2\/pages\/6168\/revisions"}],"predecessor-version":[{"id":7625,"href":"https:\/\/sashamcinnis.com\/en\/wp-json\/wp\/v2\/pages\/6168\/revisions\/7625"}],"wp:attachment":[{"href":"https:\/\/sashamcinnis.com\/en\/wp-json\/wp\/v2\/media?parent=6168"}],"curies":[{"name":"wp","href":"https:\/\/api.w.org\/{rel}","templated":true}]}}