{"id":6423,"date":"2024-02-02T21:29:34","date_gmt":"2024-02-03T02:29:34","guid":{"rendered":"http:\/\/localhost\/equipemcinnis\/?page_id=6423"},"modified":"2024-02-03T01:45:29","modified_gmt":"2024-02-03T06:45:29","slug":"privacy","status":"publish","type":"page","link":"https:\/\/sashamcinnis.com\/en\/privacy\/","title":{"rendered":"Politique d&rsquo;utilisation et Confidentialit\u00e9"},"content":{"rendered":"<p>[et_pb_section fb_built=\u00a0\u00bb1&Prime; _builder_version=\u00a0\u00bb4.23.2&Prime; _module_preset=\u00a0\u00bbdefault\u00a0\u00bb global_colors_info=\u00a0\u00bb{}\u00a0\u00bb][et_pb_row _builder_version=\u00a0\u00bb4.23.1&Prime; _module_preset=\u00a0\u00bbdefault\u00a0\u00bb global_colors_info=\u00a0\u00bb{}\u00a0\u00bb][et_pb_column type=\u00a0\u00bb4_4&Prime; _builder_version=\u00a0\u00bb4.23.1&Prime; _module_preset=\u00a0\u00bbdefault\u00a0\u00bb global_colors_info=\u00a0\u00bb{}\u00a0\u00bb][et_pb_heading title=\u00a0\u00bbPolitique de confidentialit\u00e9\u00a0\u00bb _builder_version=\u00a0\u00bb4.23.1&Prime; _module_preset=\u00a0\u00bbdefault\u00a0\u00bb title_font=\u00a0\u00bbLato|300||on|||||\u00a0\u00bb title_text_color=\u00a0\u00bb#FF6B6B\u00a0\u00bb global_colors_info=\u00a0\u00bb{}\u00a0\u00bb][\/et_pb_heading][et_pb_text _builder_version=\u00a0\u00bb4.23.1&Prime; _module_preset=\u00a0\u00bbdefault\u00a0\u00bb global_colors_info=\u00a0\u00bb{}\u00a0\u00bb]<\/p>\n<p style=\"text-align: justify;\">La pr\u00e9sente Politique d\u00e9crit la mani\u00e8re dont Sasha Mc Innis, Courtier immobilier de l&rsquo;agence Immobili\u00e8re Nous Vendons Votre Maison (<strong>\u00ab Sasha Mc Innis \u00bb ou \u00ab nous \u00bb ou \u00ab nos \u00bb ou \u00ab notre \u00bb<\/strong>) collecte, utilise et partage vos renseignements personnels sur ce site Web.<\/p>\n<p style=\"text-align: justify;\"><strong>Que sont les renseignements personnelles?<\/strong><br \/><strong>Par quels moyens les renseignements personnelles sont-ils recueillis?<\/strong><br \/><strong>Y a t&rsquo;il des renseignements personnels qui sont recueillis automatiquement ou par fichier t\u00e9moin?<\/strong><br \/><strong>\u00c0 quelles fins les renseignements personnels sont-ils recueillis?<\/strong><br \/><strong>Est-ce que les renseignements personnels sont partag\u00e9s?<\/strong><br \/><strong>Comment pouvons-nous retirer notre consentement \u00e0 l&rsquo;utilisation ou la communication de nos renseignements personnels?<\/strong><br \/><strong>Quel est votre responsabilit\u00e9 \u00e0 l&rsquo;\u00e9gard des Produits tiers?<\/strong><br \/><strong>Comment pouvons-nous communiquer avec le responsable de la protection des renseignements personnel?<\/strong><\/p>\n<p style=\"text-align: justify;\">\n<p style=\"text-align: justify;\"><strong>Que sont les renseignements personnels?<\/strong><\/p>\n<p style=\"text-align: justify;\">Dans la pr\u00e9sente Politique, l\u2019expression \u00ab renseignement(s) personnel(s) \u00bb d\u00e9signe tout renseignement recueilli \u00e0 travers ce Site Web qui permet, seul ou conjointement avec d\u2019autres renseignements, d\u2019identifier directement ou indirectement un Client.\u00a0<\/p>\n<p style=\"text-align: justify;\">En nous transmettant un ou plusieurs renseignements personnels par l\u2019interm\u00e9diaire de votre utilisation du Site Web vous consentez \u00e0 ce que nous colligons, utilisons, communiquons et conservons ces renseignements personnels conform\u00e9ment aux termes, modalit\u00e9s et conditions pr\u00e9vus dans la pr\u00e9sente Politique.<\/p>\n<p style=\"text-align: justify;\">\n<p style=\"text-align: justify;\"><strong>Par quels moyens les renseignements personnelles sont-ils recueillis?<\/strong><br \/>Nous recueillons des renseignements personnels par les moyens suivants : (i) lors de la transmission volontaire de tels renseignements personnels \u00e0 un de nos employ\u00e9 ou repr\u00e9sentants autoris\u00e9s (ii) lors de votre utilisation du Site Web (par exemple, lorsque vous compl\u00e9tez un formulaire web ou communiquez un courriel) et\/ou (iii) lorsque vous autorisez un de nos partenaire \u00e0 nous communiquer de tels renseignements personnels.<\/p>\n<p style=\"text-align: justify;\">\n<p style=\"text-align: justify;\"><strong>Y a t&rsquo;il des renseignements personnels qui sont recueillis automatiquement ou par fichier t\u00e9moin?<\/strong><\/p>\n<p style=\"text-align: justify;\">Afin d\u2019assurer la fonctionnalit\u00e9 du Site Web nous recueillions des Clients visitant le Site Web, les renseignements personnels suivants :<\/p>\n<p style=\"text-align: justify;\">Leur adresse IP;<br \/>La date et l\u2019heure de leur visite;<br \/>Leurs pages consult\u00e9es; et <br \/>L\u2019adresse du site r\u00e9f\u00e9rent;<br \/>L\u2019ensemble de ces renseignements sont recueillis automatiquement d\u00e8s le moment qu\u2019un Client se connecte au Site Web. Certains de ces renseignements personnels sont recueillis par le placement de fichiers t\u00e9moins temporaires (\u00ab cookies \u00bb) ou des \u00ab balises web \u00bb (aussi parfois appel\u00e9es \u00ab pixels invisibles \u00bb). Ces fichiers ou balises nous permettent \u00e9galement d\u2019am\u00e9liorer la performance du Site Web et certaines de ses fonctionnalit\u00e9s.<\/p>\n<p style=\"text-align: justify;\">\n<p style=\"text-align: justify;\"><strong>\u00c0 quelles fins les renseignements personnels sont-ils recueillis?<\/strong><br \/>De fa\u00e7on g\u00e9n\u00e9rale, l\u2019objectif du Site Web consiste \u00e0 fournir de l\u2019information en lien avec l&rsquo;immobilier. Toutefois, comme tout autre site web, nous avons besoin de recueillir certains renseignements personnels afin d\u2019assurer l\u2019acc\u00e8s aux personnes d\u00e9sireuses d\u2019acc\u00e9der au Site Web et pour accomplir les fins suivantes:<\/p>\n<p style=\"text-align: justify;\">De fa\u00e7on g\u00e9n\u00e9rale, communiquer avec vous afin de vous transmettre des informations diverses en lien avec l&rsquo;immobilier, et de vous proposer des prooduits et services susceptibles de vous int\u00e9resser;<br \/>Vous r\u00e9f\u00e9rer, avec votre consentement, \u00e0 d&rsquo;autres partenaires ou fournissuers pour des produits et services suppl\u00e9mentaires.<br \/>Effectuer des suivis p\u00e9riodiques aupr\u00e8s de vous afin d\u2019assurer que vous \u00eates satisfait des informations et services que vous avez obtenus.<br \/>Veuillez noter que vous \u00eates responsable d\u2019obtenir le consentement d\u2019une personne physique avant de nous communiquer tout renseignement personnel concernant cette personne physique, y compris les membres de votre famille.<\/p>\n<p style=\"text-align: justify;\">\n<p style=\"text-align: justify;\"><strong>Est-ce que les renseignements personnels sont partag\u00e9s?<\/strong><br \/>De fa\u00e7on g\u00e9n\u00e9rale, nous utilisons les renseignements personnels de nos Clients pour des fins internes uniquement. Toutefois, nous sommes susceptible de communiquer des renseignements personnels vous concernant aux personnes ou entit\u00e9s suivantes :<\/p>\n<p style=\"text-align: justify;\">\u00c0 nos employ\u00e9s et repr\u00e9sentants qui ont besoin d\u2019avoir acc\u00e8s \u00e0 ces renseignements personnels dans la poursuite des fins \u00e9num\u00e9r\u00e9es pr\u00e9c\u00e9demment;<br \/>\u00c0 toute autre personne ou entit\u00e9, lorsque requis, prescrit ou permis par la l\u00e9gislation applicable, ou encore avec le consentement du Client concern\u00e9. <br \/>\u00c0 nos partenaires et \u00e0 d&rsquo;autres fournisseurs, avec votre consentement. Nous vous recommandons de contacter directement ces tiers pour obtenir des renseignements suppl\u00e9mentaires sur leur politique de confidentialit\u00e9.<br \/>Nous pouvons \u00e9galement (a) divulguer les renseignements personnels \u00e0 un acqu\u00e9reur potentiel dans le cadre d&rsquo;une transaction concernant la vente de notre entreprise, et (b) envoyer les renseignements personnels \u00e0 l&rsquo;\u00e9tranger pour les fins indiqu\u00e9es ci-dessus, notamment en vue de leur traitement et de leur archivage par les fournisseurs de services relativement \u00e0 ces fins. Veuillez noter que durant la p\u00e9riode o\u00f9 ces renseignements se trouvent \u00e0 l&rsquo;\u00e9tranger, ils sont assujettis aux lois du pays o\u00f9 ils sont d\u00e9tenus, et peuvent faire l&rsquo;objet d&rsquo;une divulgation aux gouvernements, aux tribunaux, \u00e0 des organismes d&rsquo;application de la loi ou de r\u00e9glementation de ce pays et conform\u00e9ment \u00e0 ses lois.<\/p>\n<p style=\"text-align: justify;\"><strong>Comment pouvons-nous retirer notre consentement \u00e0 l&rsquo;utilisation ou la communication de nos renseignements personnels?<\/strong><br \/>Sous r\u00e9serve de la l\u00e9gislation applicable, vous pouvez retirer ou modifier votre consentement \u00e0 la collecte, \u00e0 l\u2019utilisation et\/ou la communication de vos renseignements personnels. Pour ce faire, vous devez adresser une demande \u00e9crite \u00e0 cet effet \u00e0 sasha@mcinnis.com ou infoimmobilier360@gmail.com. Vous pouvez \u00e9galement retirer votre consentement \u00e0 tout moment en cliquant sur le lien \u00abSe d\u00e9sabonner\u00bb lorsque vous recevez un courriel ou r\u00e9pondre avec le mot \u00ab STOP \u00bb lorsque vous recevez un message texte. Veuillez noter que le retrait ou la modification de votre consentement est susceptible de limiter ou d\u2019emp\u00eacher notre capacit\u00e9 \u00e0 vous fournir les Services, incluant l\u2019acc\u00e8s et l\u2019utilisation du Site Web.<\/p>\n<p style=\"text-align: justify;\"><strong>Quesl est votre responsabilit\u00e9 ou obligation \u00e0 l&rsquo;\u00e9gard des Produits tiers?<\/strong><br \/>Le Site Web est susceptible de contenir des liens dirigeant vers d\u2019autres sites Web ou produits et services de tierces parties (collectivement : les \u00ab Produits tiers \u00bb). Les Produits tiers peuvent \u00eatre assujettis \u00e0 des conditions d\u2019utilisation et une politique de confidentialit\u00e9 qui diff\u00e8rent des notres. Nous ne pouvons en aucun cas \u00eatre tenue responsable ou vis\u00e9e par toute obligation en lien avec le contenu des conditions d\u2019utilisation et\/ou de la politique de confidentialit\u00e9 de ces Produits tiers. Sans limiter la g\u00e9n\u00e9ralit\u00e9 de ce qui pr\u00e9c\u00e8de, nous n\u2019avons aucune responsabilit\u00e9 ou obligation \u00e0 l\u2019\u00e9gard de vos renseignements personnels qui pourraient \u00eatre recueillis, utilis\u00e9s, communiqu\u00e9s et conserv\u00e9s par toute personne ou entit\u00e9 en lien avec votre acc\u00e8s ou utilisation aux Produit tiers.<\/p>\n<p style=\"text-align: justify;\">Tout lien disponible sur le Site Web dirigeant vers un Produit tiers n\u2019implique ni ne signifie aucunement que nous assumons ou acceptons la responsabilit\u00e9 du contenu ou de l\u2019utilisation de ce Produit tiers. Nous ne faisons aucune d\u00e9claration concernant la qualit\u00e9, la s\u00e9curit\u00e9, le caract\u00e8re ad\u00e9quat ou la fiabilit\u00e9 des Produits tiers, ni du contenu ou du mat\u00e9riel qu\u2019ils contiennent. Lorsque vous acc\u00e9dez ou utilisez des Produits tiers, vous devriez consulter les conditions d\u2019utilisation et la politique de confidentialit\u00e9 qui s\u2019y rattachent.<\/p>\n<p style=\"text-align: justify;\">\n<p style=\"text-align: justify;\"><strong>Comment pouvons-nous communiquer avec le responsable de la protection des renseignements personnel?<\/strong><\/p>\n<p style=\"text-align: justify;\">Si vous avez besoin d&rsquo;une assistance suppl\u00e9mentaire, veuillez \u00e9crire \u00e0 info@nousvendonsvotremaison.com \u00e0 l&rsquo;attention du Responsable de la protection des renseignements personnels.<\/p>\n<p style=\"text-align: justify;\">\n<p>[\/et_pb_text][et_pb_heading title=\u00a0\u00bbPolitique d&rsquo;utilisation du site\u00a0\u00bb _builder_version=\u00a0\u00bb4.23.1&Prime; _module_preset=\u00a0\u00bbdefault\u00a0\u00bb title_font=\u00a0\u00bbLato|300||on|||||\u00a0\u00bb title_text_color=\u00a0\u00bb#FF6B6B\u00a0\u00bb global_colors_info=\u00a0\u00bb{}\u00a0\u00bb][\/et_pb_heading][et_pb_text _builder_version=\u00a0\u00bb4.23.1&Prime; _module_preset=\u00a0\u00bbdefault\u00a0\u00bb global_colors_info=\u00a0\u00bb{}\u00a0\u00bb]<\/p>\n<p style=\"text-align: justify;\"><strong>Exactitude<\/strong><br \/>Tous les renseignements fournis sur ce site sont r\u00e9put\u00e9s \u00eatre exacts, nous faisons les meilleurs efforts pour assurer l&rsquo;exactitude de l&rsquo;ensemble des informations mises \u00e0 la disposition des visiteurs du site mais cette exactitude ne peut \u00eatre garantie.<\/p>\n<p style=\"text-align: justify;\">Les informations signal\u00e9es comme contenant des inexactitudes techniques, des erreurs typographiques ou \u00e9tant incompl\u00e8tes feront l&rsquo;objet d&rsquo;un traitement. Vous pouvez nous contacter \u00e0 l&rsquo;addresse courriel indiqu\u00e9 au bas de la page.<\/p>\n<p style=\"text-align: justify;\">En ce qui a trait aux fiches descriptives, veuillez confirmer l&rsquo;ensemble des donn\u00e9es aupr\u00e8s du courtier immobilier charg\u00e9 de la fiche descriptive qui vous int\u00e9resse en communiquant avec lui soit par courriel, soit par t\u00e9l\u00e9phone, \u00e0 l&rsquo;aide du num\u00e9ro fourni dans la fiche descriptive.<\/p>\n<p style=\"text-align: justify;\">\n<p style=\"text-align: justify;\"><strong>G\u00e9n\u00e9ralit\u00e9s<\/strong><br \/>En acc\u00e9dant au pr\u00e9sent site web (le \u00ab\u00a0Site\u00a0\u00bb), vous acceptez d&rsquo;en respecter les modalit\u00e9s d&rsquo;utilisation \u00e9nonc\u00e9es dans la pr\u00e9sente politique d&rsquo;utilisation, d&rsquo;\u00eatre li\u00e9 par cette politique et de vous y conformer. Si vous refusez cette politique n&rsquo;utilisez pas ce Site.<\/p>\n<p style=\"text-align: justify;\">Cette politique s&rsquo;applique \u00e0 tous les produits et services offerts sur le Site.<\/p>\n<p style=\"text-align: justify;\">Vous devez lire la pr\u00e9sente politique de concert avec toutes les dispositions ou clauses d&rsquo;exon\u00e9ration stipul\u00e9es dans les pages du Site et vous \u00eates r\u00e9put\u00e9 \u00eatre au courant de celles-ci, m\u00eame si vous n&rsquo;utilisez pas le pr\u00e9sent Site ou que vous n&rsquo;en t\u00e9l\u00e9chargez qu&rsquo;une partie.<\/p>\n<p style=\"text-align: justify;\"><strong>Propri\u00e9t\u00e9 intellectuelle<\/strong><\/p>\n<p style=\"text-align: justify;\">Le Site est prot\u00e9g\u00e9 par les droits d&rsquo;auteur. Le courtier est propri\u00e9taires de la pr\u00e9sentation des donn\u00e9es. Le courtier qui a fourni les donn\u00e9es d&rsquo;inscription qui sont affich\u00e9es sur le pr\u00e9sent Site en est le propri\u00e9taire. Les donn\u00e9es d&rsquo;inscription et autres renseignements disponibles sur le pr\u00e9sent Site sont offerts aux particuliers \u00e0 titre d&rsquo;usage personnel non commercial. Tout usage commercial des inscriptions ou des donn\u00e9es, en tout ou en partie, directement ou indirectement, est express\u00e9ment interdit, sauf autorisation pr\u00e9alable \u00e9crite du titulaire du droit d&rsquo;auteur.<\/p>\n<p style=\"text-align: justify;\">Les usagers peuvent, sous r\u00e9serve des pr\u00e9sentes modalit\u00e9s, imprimer ou sauvegarder par d&rsquo;autres moyens des pages individuelles pour fins d&rsquo;usage personnel. Il est toutefois interdit de modifier ou de changer de quelque fa\u00e7on que ce soit les inscriptions immobili\u00e8res et\/ou donn\u00e9es, de les combiner avec d&rsquo;autres donn\u00e9es, de les agr\u00e9ger ou de les publier sous quelque forme que ce soit. Les usages interdits sont notamment le grattage \u00e9cran ou de donn\u00e9es, la r\u00e9cup\u00e9ration des donn\u00e9es et toute autre activit\u00e9 dont le but serait de recueillir, emmagasiner, r\u00e9organiser ou manipuler des donn\u00e9es sur les pages pr\u00e9par\u00e9es par son propri\u00e9taire ou autrement affich\u00e9es sur le Site de ce dernier.<\/p>\n<p style=\"text-align: justify;\"><strong>Avis concernant les droits d&rsquo;auteurs et les marques de commerce<\/strong><\/p>\n<p style=\"text-align: justify;\">Le Site est prot\u00e9g\u00e9 par les droits d&rsquo;auteur. Le courtier est propri\u00e9taires de la pr\u00e9sentation des donn\u00e9es. Le courtier qui a fourni les donn\u00e9es d&rsquo;inscription qui sont affich\u00e9es sur le pr\u00e9sent Site en est le propri\u00e9taire. Les donn\u00e9es d&rsquo;inscription et autres renseignements disponibles sur le pr\u00e9sent Site sont offerts aux particuliers \u00e0 titre d&rsquo;usage personnel non commercial. Tout usage commercial des inscriptions ou des donn\u00e9es, en tout ou en partie, directement ou indirectement, est express\u00e9ment interdit, sauf autorisation pr\u00e9alable \u00e9crite du titulaire du droit d&rsquo;auteur.<\/p>\n<p style=\"text-align: justify;\">Les usagers peuvent, sous r\u00e9serve des pr\u00e9sentes modalit\u00e9s, imprimer ou sauvegarder par d&rsquo;autres moyens des pages individuelles pour fins d&rsquo;usage personnel. Il est toutefois interdit de modifier ou de changer de quelque fa\u00e7on que ce soit les inscriptions immobili\u00e8res et\/ou donn\u00e9es, de les combiner avec d&rsquo;autres donn\u00e9es, de les agr\u00e9ger ou de les publier sous quelque forme que ce soit. Les usages interdits sont notamment le grattage \u00e9cran ou de donn\u00e9es, la r\u00e9cup\u00e9ration des donn\u00e9es et toute autre activit\u00e9 dont le but serait de recueillir, emmagasiner, r\u00e9organiser ou manipuler des donn\u00e9es sur les pages pr\u00e9par\u00e9es par son propri\u00e9taire ou autrement affich\u00e9es sur le Site de ce dernier.<\/p>\n<p style=\"text-align: justify;\">\n<p style=\"text-align: justify;\"><strong>Hyperliens<\/strong><\/p>\n<p style=\"text-align: justify;\">Certains liens hypertextes pr\u00e9sents sur le Site vous dirigent vers des sites g\u00e9r\u00e9s par des tiers. Nous ne pourrons \u00eatre tenue responsable du contenu de ces sites ou du fait de les avoir r\u00e9f\u00e9renc\u00e9s. Les hyperliens provenant d&rsquo;autres sites ou menant \u00e0 d&rsquo;autres sites web sont donn\u00e9s uniquement par souci de commodit\u00e9. La connexion vers ces sites est \u00e0 vos propres risques et nous nous d\u00e9gagons de toute responsabilit\u00e9 li\u00e9e aux dommages s&rsquo;y rapportant. La politique sur le respect de la vie priv\u00e9e ne s&rsquo;applique pas aux sites web g\u00e9r\u00e9s par des tiers.<\/p>\n<p style=\"text-align: justify;\"><strong>Liens et cadres<\/strong><\/p>\n<p style=\"text-align: justify;\">Il est interdit d&rsquo;utiliser toute technologie pour afficher le contenu du pr\u00e9sent Site dans un cadre ou par tout autre moyen pouvant modifier son apparence comparativement \u00e0 ce que verrait l&rsquo;usager s&rsquo;il inscrivait l&rsquo;adresse URL dans le navigateur. Le lien doit entra\u00eener le plein fonctionnement d&rsquo;une image compl\u00e8te, d&rsquo;une nouvelle fen\u00eatre de navigateur occup\u00e9e uniquement par les pages produites par le Site.<\/p>\n<p style=\"text-align: justify;\"><strong>R\u00e9visions<\/strong><\/p>\n<p style=\"text-align: justify;\">Le mat\u00e9riel, les renseignements et les donn\u00e9es contenus dans les pages du Site peuvent \u00eatre modifi\u00e9s \u00e0 n&rsquo;importe quel moment sans pr\u00e9avis. Ces modifications peuvent \u00eatre apport\u00e9es au moyen d&rsquo;une mise \u00e0 jour du pr\u00e9sent avis et le fait de continuer de consulter le Site ou de l&rsquo;utiliser signifie que vous les acceptez. Tous les usagers du Site sont li\u00e9s par ces modalit\u00e9s et devront donc visiter cette page p\u00e9riodiquement afin de se renseigner sur les changements \u00e0 ces exigences.<\/p>\n<p style=\"text-align: justify;\"><strong>Courrier \u00e9lectronique sur internet<\/strong><\/p>\n<p style=\"text-align: justify;\">Au m\u00eame titre que les communications \u00e9tablies par d&rsquo;autres moyens (par exemple, t\u00e9l\u00e9phone cellulaire ou courrier ordinaire), les communications non prot\u00e9g\u00e9es par courrier \u00e9lectronique sur le r\u00e9seau Internet ne sont pas confidentielles, peuvent \u00eatre intercept\u00e9es ou perdues, ou encore subir certaines modifications. nous ne sommes pas responsable envers vous ou envers quiconque des dommages caus\u00e9s au cours de la transmission d&rsquo;un message \u00e9lectronique que vous nous avez envoyez ou que nous vous envoyons \u00e0 votre demande.<\/p>\n<p style=\"text-align: justify;\"><strong>Limitation de responsabilit\u00e9<\/strong><\/p>\n<p style=\"text-align: justify;\">Les courtiers, employ\u00e9s ou autres repr\u00e9sentants ne peuvent \u00eatre tenus responsables des dommages li\u00e9s \u00e0 l&rsquo;utilisation du Site. La pr\u00e9sente limitation de responsabilit\u00e9 est exhaustive et s&rsquo;applique \u00e0 tous les dommages, y compris les dommages-int\u00e9r\u00eats compensatoires, les dommages directs ou indirects, les pertes de donn\u00e9es, de revenus ou de b\u00e9n\u00e9fices, les pertes et dommages mat\u00e9riels et les r\u00e9clamations de tierces parties.<\/p>\n<p style=\"text-align: justify;\">Exon\u00e9ration de garantie<br \/>Nous ne faisons aucune repr\u00e9sentation quant \u00e0 savoir si les donn\u00e9es et les graphiques publi\u00e9s sur le pr\u00e9sent Site r\u00e9pondent bien aux objectifs vis\u00e9s. Les renseignements sur les inscriptions sont jug\u00e9s fiables, mais ne sont pas garantis. Tout le contenu du Site est fourni \u00ab tel quel \u00bb, sans aucune garantie, y compris les garanties et conditions implicites de la qualit\u00e9 marchande, l&rsquo;aptitude \u00e0 l&rsquo;usage pr\u00e9vu, le titre et l&rsquo;absence de contrefa\u00e7on.<\/p>\n<p style=\"text-align: justify;\"><strong>Comp\u00e9tence<\/strong><\/p>\n<p style=\"text-align: justify;\">Le Site est administr\u00e9 au Qu\u00e9bec. Le Site est r\u00e9gi par les lois de la province de Qu\u00e9bec et les lois du Canada qui s&rsquo;y appliquent. En acc\u00e9dant au Site, vous acceptez de vous en remettre \u00e0 la comp\u00e9tence exclusive des tribunaux de la province de Qu\u00e9bec.<\/p>\n<p style=\"text-align: justify;\"><strong>Cueillette d&rsquo;informations<\/strong><\/p>\n<p style=\"text-align: justify;\">Lorsque vous utilisez les services immobiliers offerts sur ce Site, il se peut que vous ayez \u00e0 communiquer souvent avec un COURTIER IMMOBILIER ou un courtier. Le courtier peut utiliser votre adresse de courriel et tous les renseignements que vous lui fournissez, afin de vous guider, vous faire des suggestions et vous offrir un service. Nous recueillons aussi les adresses \u00e9lectroniques transmises par le biais de la fonction \u00ab Pour nous joindre \u00bb du pr\u00e9sent Site Web, afin de donner suite \u00e0 vos questions ou suggestions.<\/p>\n<p style=\"text-align: justify;\">\u00c0 l&rsquo;instar d&rsquo;autres sites Web commerciaux, notre Site utilise une technologie standard mieux connue sous le nom de t\u00e9moins ( \u00ab\u00a0cookies\u00a0\u00bb ) et des registres de serveurs Web afin de recueillir des renseignements sur l&rsquo;usage de notre Site. Toutes les fois qu&rsquo;un internaute nous rend visite sur ce Site, notre serveur retient le nom de domaine ou IP du visiteur, mais pas l&rsquo;adresse \u00e9lectronique. Ces renseignements peuvent \u00eatre r\u00e9unis en donn\u00e9es collectives, donn\u00e9es qui peuvent \u00eatre partag\u00e9es globalement avec des firmes de recherche et avec des chambres et associations membres. Les donn\u00e9es ainsi partag\u00e9es ne divulgueront pas votre identit\u00e9 ni vos renseignements personnels, et elles ne permettront pas non plus aux destinataires de communiquer avec vous.<\/p>\n<p style=\"text-align: justify;\">Les donn\u00e9es recueillies nous aident dans son analyse des habitudes de navigation des internautes qu&rsquo;elle effectue dans le but d&rsquo;am\u00e9liorer le contenu et l&rsquo;allure du site. Les renseignements personnels ne seront pas vendus \u00e0 des tierces parties; ils ne seront \u00e9galement pas ajout\u00e9s \u00e0 des listes de publipostage \u00e9lectronique.<\/p>\n<p style=\"text-align: justify;\">Veuillez prendre note que nos partenaires publicitaires et autres tiers peuvent aussi installer des t\u00e9moins ou pixels invisibles au moment o\u00f9 vous cliquez sur leurs messages publicitaires ou des liens vers leurs sites web ou services sur nos sites web. La pr\u00e9sente Politique de confidentialit\u00e9 ne s&rsquo;applique pas aux sites web de tiers ni aux fournisseurs publicitaires de ces tiers. Nous ne sommes pas responsables des pratiques de ces partenaires et autres tiers relativement \u00e0 la protection de vos renseignements personnels, \u00e0 l&rsquo;utilisation des t\u00e9moins et autres outils de tra\u00e7age en ligne. Nous vous encourageons donc \u00e0 consulter les politiques de ces autres entit\u00e9s afin d&rsquo;obtenir plus d&rsquo;informations \u00e0 ce sujet.<\/p>\n<p>[\/et_pb_text][\/et_pb_column][\/et_pb_row][\/et_pb_section]<\/p>\n","protected":false},"excerpt":{"rendered":"<p>La pr\u00e9sente Politique d\u00e9crit la mani\u00e8re dont Sasha Mc Innis, Courtier immobilier de l&rsquo;agence Immobili\u00e8re Nous Vendons Votre Maison (\u00ab Sasha Mc Innis \u00bb ou \u00ab nous \u00bb ou \u00ab nos \u00bb ou \u00ab notre \u00bb) collecte, utilise et partage vos renseignements personnels sur ce site Web. Que sont les renseignements personnelles?Par quels moyens les [&hellip;]<\/p>\n","protected":false},"author":1,"featured_media":0,"parent":0,"menu_order":0,"comment_status":"closed","ping_status":"closed","template":"","meta":{"_et_pb_use_builder":"on","_et_pb_old_content":"","_et_gb_content_width":"","footnotes":""},"class_list":["post-6423","page","type-page","status-publish","hentry"],"_links":{"self":[{"href":"https:\/\/sashamcinnis.com\/en\/wp-json\/wp\/v2\/pages\/6423","targetHints":{"allow":["GET"]}}],"collection":[{"href":"https:\/\/sashamcinnis.com\/en\/wp-json\/wp\/v2\/pages"}],"about":[{"href":"https:\/\/sashamcinnis.com\/en\/wp-json\/wp\/v2\/types\/page"}],"author":[{"embeddable":true,"href":"https:\/\/sashamcinnis.com\/en\/wp-json\/wp\/v2\/users\/1"}],"replies":[{"embeddable":true,"href":"https:\/\/sashamcinnis.com\/en\/wp-json\/wp\/v2\/comments?post=6423"}],"version-history":[{"count":9,"href":"https:\/\/sashamcinnis.com\/en\/wp-json\/wp\/v2\/pages\/6423\/revisions"}],"predecessor-version":[{"id":7486,"href":"https:\/\/sashamcinnis.com\/en\/wp-json\/wp\/v2\/pages\/6423\/revisions\/7486"}],"wp:attachment":[{"href":"https:\/\/sashamcinnis.com\/en\/wp-json\/wp\/v2\/media?parent=6423"}],"curies":[{"name":"wp","href":"https:\/\/api.w.org\/{rel}","templated":true}]}}