{"id":6443,"date":"2023-12-21T18:28:46","date_gmt":"2023-12-21T23:28:46","guid":{"rendered":"http:\/\/localhost\/equipemcinnis\/?page_id=6443"},"modified":"2024-02-02T23:49:38","modified_gmt":"2024-02-03T04:49:38","slug":"locataires","status":"publish","type":"page","link":"https:\/\/sashamcinnis.com\/en\/acheter\/locataires\/","title":{"rendered":"How to stop paying rent and become a property owner"},"content":{"rendered":"<p>[et_pb_section fb_built=\u00a0\u00bb1&Prime; _builder_version=\u00a0\u00bb4.23.1&Prime; _module_preset=\u00a0\u00bbdefault\u00a0\u00bb global_colors_info=\u00a0\u00bb{}\u00a0\u00bb][et_pb_row column_structure=\u00a0\u00bb3_5,2_5&Prime; _builder_version=\u00a0\u00bb4.23.1&Prime; _module_preset=\u00a0\u00bbdefault\u00a0\u00bb custom_margin=\u00a0\u00bb|||||false\u00a0\u00bb custom_padding=\u00a0\u00bb25px|25px|25px|25px|true|true\u00a0\u00bb border_width_all=\u00a0\u00bb2px\u00a0\u00bb border_color_all=\u00a0\u00bb#F3F5F6&Prime; global_colors_info=\u00a0\u00bb{}\u00a0\u00bb][et_pb_column type=\u00a0\u00bb3_5&Prime; _builder_version=\u00a0\u00bb4.23.1&Prime; _module_preset=\u00a0\u00bbdefault\u00a0\u00bb global_colors_info=\u00a0\u00bb{}\u00a0\u00bb][et_pb_heading title=\u00a0\u00bbCOMMENT ARR\u00caTER DE PAYER UN LOYER ET DEVENIR PROPRI\u00c9TAIRE?\u00a0\u00bb _builder_version=\u00a0\u00bb4.23.4&Prime; _module_preset=\u00a0\u00bbdefault\u00a0\u00bb title_font=\u00a0\u00bbLato|300||on|||||\u00a0\u00bb title_text_color=\u00a0\u00bb#FF6B6B\u00a0\u00bb title_line_height=\u00a0\u00bb0.9em\u00a0\u00bb global_colors_info=\u00a0\u00bb{}\u00a0\u00bb][\/et_pb_heading][et_pb_image src=\u00a0\u00bbhttps:\/\/sashamcinnis.com\/wp-content\/uploads\/2024\/01\/Location.png\u00a0\u00bb _builder_version=\u00a0\u00bb4.24.0&Prime; _module_preset=\u00a0\u00bbdefault\u00a0\u00bb hover_enabled=\u00a0\u00bb0&Prime; global_colors_info=\u00a0\u00bb{}\u00a0\u00bb sticky_enabled=\u00a0\u00bb0&Prime;][\/et_pb_image][et_pb_text _builder_version=\u00a0\u00bb4.23.4&Prime; _module_preset=\u00a0\u00bbdefault\u00a0\u00bb text_font=\u00a0\u00bbRoboto|300|||||||\u00a0\u00bb text_font_size=\u00a0\u00bb17px\u00a0\u00bb text_orientation=\u00a0\u00bbjustified\u00a0\u00bb global_colors_info=\u00a0\u00bb{}\u00a0\u00bb]<\/p>\n<p style=\"text-align: justify;\">Beaucoup d&rsquo;entre nous r\u00eavent de devenir propri\u00e9taires de leur propre maison et de se lib\u00e9rer du paiement du loyer. Cependant, si vous \u00eates comme la plupart des locataires, vous vous sentez coinc\u00e9 dans les murs d&rsquo;une maison ou d&rsquo;un appartement o\u00f9 vous ne vous sentez pas chez vous.\u00a0Comment pourriez-vous vous sentir chez vous lorsque vous ne pouvez m\u00eame pas effectuer de petits travaux, comme planter quelques clous, sans que cela ne cr\u00e9e des probl\u00e8mes. Vous vous sentez coinc\u00e9 dans la situation du locataire, sans aucune possibilit\u00e9 de vous lib\u00e9rer et de devenir propri\u00e9taire de votre propre maison.<\/p>\n<p style=\"text-align: justify;\">La bonne nouvelle c&rsquo;est qu&rsquo;avec une bonne pr\u00e9paration et de bonnes connaissances, devenir propri\u00e9taire et arreter de payer un loyer, c&rsquo;est possible.<\/p>\n<p style=\"text-align: justify;\"><span>Peu importe la dur\u00e9e de votre location ou la difficult\u00e9 de votre situation financi\u00e8re, il existe des faits connus qui peuvent vous aider \u00e0 surmonter les obstacles et \u00e0 passer du statut de locataire \u00e0 celui de propri\u00e9taire. <\/span><span><\/span><\/p>\n<p style=\"text-align: justify;\"><span><\/span><\/p>\n<p style=\"text-align: justify;\"><strong>Compl\u00e9tez le formulaire pour recevoir notre guide GRATUIT pour savoir comment cesser d&rsquo;enrichir votre locateur et devenir propri\u00e9taire.<\/strong><\/p>\n<p>[\/et_pb_text][\/et_pb_column][et_pb_column type=\u00a0\u00bb2_5&Prime; _builder_version=\u00a0\u00bb4.23.1&Prime; _module_preset=\u00a0\u00bbdefault\u00a0\u00bb global_colors_info=\u00a0\u00bb{}\u00a0\u00bb][et_pb_text _builder_version=\u00a0\u00bb4.23.3&Prime; _module_preset=\u00a0\u00bbdefault\u00a0\u00bb text_font=\u00a0\u00bbRoboto||||||||\u00a0\u00bb text_font_size=\u00a0\u00bb17px\u00a0\u00bb global_colors_info=\u00a0\u00bb{}\u00a0\u00bb]<\/p>\n<p><strong>Pour obtenir plus de renseignements, remplissez ce formulaire:<\/strong><\/p>\n<p>[\/et_pb_text][wpforms_selector form_id=\u00a0\u00bb6823&Prime; _builder_version=\u00a0\u00bb4.23.3&Prime; _module_preset=\u00a0\u00bbdefault\u00a0\u00bb global_colors_info=\u00a0\u00bb{}\u00a0\u00bb][\/wpforms_selector][et_pb_text _builder_version=\u00a0\u00bb4.23.1&Prime; _module_preset=\u00a0\u00bbdefault\u00a0\u00bb text_font=\u00a0\u00bbRoboto|300|||||||\u00a0\u00bb global_colors_info=\u00a0\u00bb{}\u00a0\u00bb]<\/p>\n<p style=\"text-align: justify;\"><b>Nous prenons soin de votre vie priv\u00e9e<\/b><br \/><span>Si vous avez des questions quant \u00e0 la cueillette, l\u2019utilisation ou la divulgation de vos renseignements personnels, veuillez consulter la section\u00a0<\/span><u>politique d\u2019utilisation et confidentialit\u00e9<\/u><span>\u00a0accessible par le lien qui est disponible au bas de cette page.<\/span><\/p>\n<p>[\/et_pb_text][\/et_pb_column][\/et_pb_row][\/et_pb_section]<\/p>\n","protected":false},"excerpt":{"rendered":"<p>Beaucoup d&rsquo;entre nous r\u00eavent de devenir propri\u00e9taires de leur propre maison et de se lib\u00e9rer du paiement du loyer. Cependant, si vous \u00eates comme la plupart des locataires, vous vous sentez coinc\u00e9 dans les murs d&rsquo;une maison ou d&rsquo;un appartement o\u00f9 vous ne vous sentez pas chez vous.\u00a0Comment pourriez-vous vous sentir chez vous lorsque vous [&hellip;]<\/p>\n","protected":false},"author":1,"featured_media":0,"parent":15,"menu_order":0,"comment_status":"closed","ping_status":"closed","template":"","meta":{"_et_pb_use_builder":"on","_et_pb_old_content":"","_et_gb_content_width":"","footnotes":""},"class_list":["post-6443","page","type-page","status-publish","hentry"],"_links":{"self":[{"href":"https:\/\/sashamcinnis.com\/en\/wp-json\/wp\/v2\/pages\/6443","targetHints":{"allow":["GET"]}}],"collection":[{"href":"https:\/\/sashamcinnis.com\/en\/wp-json\/wp\/v2\/pages"}],"about":[{"href":"https:\/\/sashamcinnis.com\/en\/wp-json\/wp\/v2\/types\/page"}],"author":[{"embeddable":true,"href":"https:\/\/sashamcinnis.com\/en\/wp-json\/wp\/v2\/users\/1"}],"replies":[{"embeddable":true,"href":"https:\/\/sashamcinnis.com\/en\/wp-json\/wp\/v2\/comments?post=6443"}],"version-history":[{"count":17,"href":"https:\/\/sashamcinnis.com\/en\/wp-json\/wp\/v2\/pages\/6443\/revisions"}],"predecessor-version":[{"id":7647,"href":"https:\/\/sashamcinnis.com\/en\/wp-json\/wp\/v2\/pages\/6443\/revisions\/7647"}],"up":[{"embeddable":true,"href":"https:\/\/sashamcinnis.com\/en\/wp-json\/wp\/v2\/pages\/15"}],"wp:attachment":[{"href":"https:\/\/sashamcinnis.com\/en\/wp-json\/wp\/v2\/media?parent=6443"}],"curies":[{"name":"wp","href":"https:\/\/api.w.org\/{rel}","templated":true}]}}