{"id":6448,"date":"2023-12-21T19:54:57","date_gmt":"2023-12-22T00:54:57","guid":{"rendered":"http:\/\/localhost\/equipemcinnis\/?page_id=6448"},"modified":"2024-02-02T23:58:34","modified_gmt":"2024-02-03T04:58:34","slug":"erreurs_hypotheque","status":"publish","type":"page","link":"https:\/\/sashamcinnis.com\/en\/acheter\/erreurs_hypotheque\/","title":{"rendered":"6 conseils \u00e0 conna\u00eetre avant d&rsquo;obtenir un pr\u00eat hypoth\u00e9caire"},"content":{"rendered":"<p>[et_pb_section fb_built=\u00a0\u00bb1&Prime; _builder_version=\u00a0\u00bb4.23.3&Prime; _module_preset=\u00a0\u00bbdefault\u00a0\u00bb global_colors_info=\u00a0\u00bb{}\u00a0\u00bb][et_pb_row column_structure=\u00a0\u00bb3_5,2_5&Prime; _builder_version=\u00a0\u00bb4.23.1&Prime; _module_preset=\u00a0\u00bbdefault\u00a0\u00bb custom_margin=\u00a0\u00bb|||||false\u00a0\u00bb custom_padding=\u00a0\u00bb25px|25px|25px|25px|true|true\u00a0\u00bb border_width_all=\u00a0\u00bb2px\u00a0\u00bb border_color_all=\u00a0\u00bb#F3F5F6&Prime; global_colors_info=\u00a0\u00bb{}\u00a0\u00bb][et_pb_column type=\u00a0\u00bb3_5&Prime; _builder_version=\u00a0\u00bb4.23.1&Prime; _module_preset=\u00a0\u00bbdefault\u00a0\u00bb global_colors_info=\u00a0\u00bb{}\u00a0\u00bb][et_pb_heading title=\u00a0\u00bb6 conseils \u00e0 conna\u00eetre avant d&rsquo;obtenir un pr\u00eat hypoth\u00e9caire\u00a0\u00bb _builder_version=\u00a0\u00bb4.23.1&Prime; _module_preset=\u00a0\u00bbdefault\u00a0\u00bb title_font=\u00a0\u00bbLato|300||on|||||\u00a0\u00bb title_text_color=\u00a0\u00bb#FF6B6B\u00a0\u00bb title_line_height=\u00a0\u00bb0.9em\u00a0\u00bb global_colors_info=\u00a0\u00bb{}\u00a0\u00bb][\/et_pb_heading][et_pb_image src=\u00a0\u00bbhttps:\/\/sashamcinnis.com\/wp-content\/uploads\/2024\/01\/conseils-hypotheque.png\u00a0\u00bb _builder_version=\u00a0\u00bb4.24.0&Prime; _module_preset=\u00a0\u00bbdefault\u00a0\u00bb hover_enabled=\u00a0\u00bb0&Prime; global_colors_info=\u00a0\u00bb{}\u00a0\u00bb sticky_enabled=\u00a0\u00bb0&Prime;][\/et_pb_image][et_pb_text _builder_version=\u00a0\u00bb4.23.2&Prime; _module_preset=\u00a0\u00bbdefault\u00a0\u00bb text_font=\u00a0\u00bbRoboto|300|||||||\u00a0\u00bb text_font_size=\u00a0\u00bb17px\u00a0\u00bb text_orientation=\u00a0\u00bbjustified\u00a0\u00bb global_colors_info=\u00a0\u00bb{}\u00a0\u00bb]<\/p>\n<p><span>Devenir propri\u00e9taire est un projet qui exige beaucoup de planification. Et les premiers acheteurs ont tout avantage \u00e0 \u00e9laborer une bonne strat\u00e9gie s\u2019ils souhaitent concr\u00e9tiser leur r\u00eave. Dans ce text, nous vous d\u00e9voilons 6 conseils qui vous permettent de sauver de l&rsquo;argent.\u00a0<\/span><\/p>\n<p>Commandez ce text GRATUIT d\u00e8s aujourd&rsquo;hui pour \u00eatre bien pr\u00e9par\u00e9 \u00e0 l&rsquo;achat d&rsquo;une propri\u00e9t\u00e9 et <strong>\u00e9viter de faire des errerurs co\u00fbteuses au sujet de votre hypoth\u00e8que.<\/strong><\/p>\n<p>[\/et_pb_text][\/et_pb_column][et_pb_column type=\u00a0\u00bb2_5&Prime; _builder_version=\u00a0\u00bb4.23.1&Prime; _module_preset=\u00a0\u00bbdefault\u00a0\u00bb global_colors_info=\u00a0\u00bb{}\u00a0\u00bb][et_pb_text _builder_version=\u00a0\u00bb4.23.2&Prime; _module_preset=\u00a0\u00bbdefault\u00a0\u00bb text_font=\u00a0\u00bbRoboto||||||||\u00a0\u00bb text_font_size=\u00a0\u00bb17px\u00a0\u00bb global_colors_info=\u00a0\u00bb{}\u00a0\u00bb]<\/p>\n<p><strong>Pour obtenir plus de renseignements, remplissez ce formulaire :<\/strong><\/p>\n<p>[\/et_pb_text][wpforms_selector form_id=\u00a0\u00bb6823&Prime; _builder_version=\u00a0\u00bb4.23.3&Prime; _module_preset=\u00a0\u00bbdefault\u00a0\u00bb global_colors_info=\u00a0\u00bb{}\u00a0\u00bb][\/wpforms_selector][et_pb_text _builder_version=\u00a0\u00bb4.23.1&Prime; _module_preset=\u00a0\u00bbdefault\u00a0\u00bb text_font=\u00a0\u00bbRoboto|300|||||||\u00a0\u00bb global_colors_info=\u00a0\u00bb{}\u00a0\u00bb]<\/p>\n<p style=\"text-align: justify;\"><b>Nous prenons soin de votre vie priv\u00e9e<\/b><br \/><span>Si vous avez des questions quant \u00e0 la cueillette, l\u2019utilisation ou la divulgation de vos renseignements personnels, veuillez consulter la section\u00a0<\/span><u>politique d\u2019utilisation et confidentialit\u00e9<\/u><span>\u00a0accessible par le lien qui est disponible au bas de cette page.<\/span><\/p>\n<p>[\/et_pb_text][\/et_pb_column][\/et_pb_row][\/et_pb_section]<\/p>\n","protected":false},"excerpt":{"rendered":"<p>Devenir propri\u00e9taire est un projet qui exige beaucoup de planification. Et les premiers acheteurs ont tout avantage \u00e0 \u00e9laborer une bonne strat\u00e9gie s\u2019ils souhaitent concr\u00e9tiser leur r\u00eave. Dans ce text, nous vous d\u00e9voilons 6 conseils qui vous permettent de sauver de l&rsquo;argent.\u00a0 Commandez ce text GRATUIT d\u00e8s aujourd&rsquo;hui pour \u00eatre bien pr\u00e9par\u00e9 \u00e0 l&rsquo;achat d&rsquo;une [&hellip;]<\/p>\n","protected":false},"author":1,"featured_media":0,"parent":15,"menu_order":1,"comment_status":"closed","ping_status":"closed","template":"","meta":{"_et_pb_use_builder":"on","_et_pb_old_content":"","_et_gb_content_width":"","footnotes":""},"class_list":["post-6448","page","type-page","status-publish","hentry"],"_links":{"self":[{"href":"https:\/\/sashamcinnis.com\/en\/wp-json\/wp\/v2\/pages\/6448","targetHints":{"allow":["GET"]}}],"collection":[{"href":"https:\/\/sashamcinnis.com\/en\/wp-json\/wp\/v2\/pages"}],"about":[{"href":"https:\/\/sashamcinnis.com\/en\/wp-json\/wp\/v2\/types\/page"}],"author":[{"embeddable":true,"href":"https:\/\/sashamcinnis.com\/en\/wp-json\/wp\/v2\/users\/1"}],"replies":[{"embeddable":true,"href":"https:\/\/sashamcinnis.com\/en\/wp-json\/wp\/v2\/comments?post=6448"}],"version-history":[{"count":14,"href":"https:\/\/sashamcinnis.com\/en\/wp-json\/wp\/v2\/pages\/6448\/revisions"}],"predecessor-version":[{"id":7648,"href":"https:\/\/sashamcinnis.com\/en\/wp-json\/wp\/v2\/pages\/6448\/revisions\/7648"}],"up":[{"embeddable":true,"href":"https:\/\/sashamcinnis.com\/en\/wp-json\/wp\/v2\/pages\/15"}],"wp:attachment":[{"href":"https:\/\/sashamcinnis.com\/en\/wp-json\/wp\/v2\/media?parent=6448"}],"curies":[{"name":"wp","href":"https:\/\/api.w.org\/{rel}","templated":true}]}}