{"id":6459,"date":"2023-12-21T20:14:22","date_gmt":"2023-12-22T01:14:22","guid":{"rendered":"http:\/\/localhost\/equipemcinnis\/?page_id=6459"},"modified":"2024-02-02T23:59:26","modified_gmt":"2024-02-03T04:59:26","slug":"plus_grande","status":"publish","type":"page","link":"https:\/\/sashamcinnis.com\/en\/acheter\/plus_grande\/","title":{"rendered":"5 costly mistakes to avoid when buying a larger home"},"content":{"rendered":"<p>[et_pb_section fb_built=\u00a0\u00bb1&Prime; _builder_version=\u00a0\u00bb4.23.1&Prime; _module_preset=\u00a0\u00bbdefault\u00a0\u00bb global_colors_info=\u00a0\u00bb{}\u00a0\u00bb][et_pb_row column_structure=\u00a0\u00bb3_5,2_5&Prime; _builder_version=\u00a0\u00bb4.23.1&Prime; _module_preset=\u00a0\u00bbdefault\u00a0\u00bb custom_margin=\u00a0\u00bb|||||false\u00a0\u00bb custom_padding=\u00a0\u00bb25px|25px|25px|25px|true|true\u00a0\u00bb border_width_all=\u00a0\u00bb2px\u00a0\u00bb border_color_all=\u00a0\u00bb#F3F5F6&Prime; global_colors_info=\u00a0\u00bb{}\u00a0\u00bb][et_pb_column type=\u00a0\u00bb3_5&Prime; _builder_version=\u00a0\u00bb4.23.1&Prime; _module_preset=\u00a0\u00bbdefault\u00a0\u00bb global_colors_info=\u00a0\u00bb{}\u00a0\u00bb][et_pb_heading title=\u00a0\u00bb5 erreurs co\u00fbteuses \u00e0 \u00e9viter lors de l\u2019achat d\u2019une plus grande propri\u00e9t\u00e9\u00a0\u00bb _builder_version=\u00a0\u00bb4.23.4&Prime; _module_preset=\u00a0\u00bbdefault\u00a0\u00bb title_font=\u00a0\u00bbLato|300||on|||||\u00a0\u00bb title_text_color=\u00a0\u00bb#FF6B6B\u00a0\u00bb title_line_height=\u00a0\u00bb0.9em\u00a0\u00bb global_colors_info=\u00a0\u00bb{}\u00a0\u00bb][\/et_pb_heading][et_pb_image src=\u00a0\u00bbhttps:\/\/sashamcinnis.com\/wp-content\/uploads\/2023\/12\/Bigger-house-1.png\u00a0\u00bb _builder_version=\u00a0\u00bb4.24.0&Prime; _module_preset=\u00a0\u00bbdefault\u00a0\u00bb hover_enabled=\u00a0\u00bb0&Prime; global_colors_info=\u00a0\u00bb{}\u00a0\u00bb sticky_enabled=\u00a0\u00bb0&Prime;][\/et_pb_image][et_pb_text _builder_version=\u00a0\u00bb4.23.2&Prime; _module_preset=\u00a0\u00bbdefault\u00a0\u00bb text_font=\u00a0\u00bbRoboto|300|||||||\u00a0\u00bb text_font_size=\u00a0\u00bb17px\u00a0\u00bb text_orientation=\u00a0\u00bbjustified\u00a0\u00bb global_colors_info=\u00a0\u00bb{}\u00a0\u00bb]<\/p>\n<div class=\"col-md-8 col-md-offset-0\">\n<p>Contrairement \u00e0 l\u2019exp\u00e9rience d\u2019acheter une premi\u00e8re propri\u00e9t\u00e9, lorsque vous chercher \u00e0 vous procurez une plus grande maisons et que vous \u00eates d\u00e9j\u00e0 propri\u00e9taire, il y a certains facteurs pouvant compliquer la situation. Il est de premi\u00e8re importance pour vous de bien comprendre ces facteurs avant de mettre votre propri\u00e9t\u00e9 actuelle en vente.<\/p>\n<\/div>\n<div class=\"col-md-4 col-md-offset-0\">\n<div class=\"page-form form-site\">\n<form method=\"post\" name=\"reportreqestform\" id=\"reportreqestform\" action=\"https:\/\/www.equipemcinnis.com\/trade_up\" novalidate=\"novalidate\">\n<div class=\"error\"><\/div>\n<\/form>\n<\/div>\n<\/div>\n<p>[\/et_pb_text][et_pb_text _builder_version=\u00a0\u00bb4.23.2&Prime; _module_preset=\u00a0\u00bbdefault\u00a0\u00bb text_font=\u00a0\u00bbRoboto|300|||||||\u00a0\u00bb text_font_size=\u00a0\u00bb17px\u00a0\u00bb text_orientation=\u00a0\u00bbjustified\u00a0\u00bb global_colors_info=\u00a0\u00bb{}\u00a0\u00bb]<\/p>\n<div class=\"col-md-8 col-md-offset-0\">\n<p><strong>Demandez votre copie de notre guide GRATUIT des 5 erreurs \u00e0 \u00e9viter lors de l\u2019achat d\u2019une plus grande maison pour vous aider \u00e0 faire des choix \u00e9clair\u00e9s avant de mettre votre propri\u00e9t\u00e9 sur le march\u00e9.<\/strong><\/p>\n<\/div>\n<div class=\"col-md-4 col-md-offset-0\">\n<div class=\"page-form form-site\">\n<form method=\"post\" name=\"reportreqestform\" id=\"reportreqestform\" action=\"https:\/\/www.equipemcinnis.com\/trade_up\" novalidate=\"novalidate\">\n<div class=\"error\"><\/div>\n<\/form>\n<\/div>\n<\/div>\n<p>[\/et_pb_text][\/et_pb_column][et_pb_column type=\u00a0\u00bb2_5&Prime; _builder_version=\u00a0\u00bb4.23.1&Prime; _module_preset=\u00a0\u00bbdefault\u00a0\u00bb global_colors_info=\u00a0\u00bb{}\u00a0\u00bb][et_pb_text _builder_version=\u00a0\u00bb4.23.2&Prime; _module_preset=\u00a0\u00bbdefault\u00a0\u00bb text_font=\u00a0\u00bbRoboto||||||||\u00a0\u00bb text_font_size=\u00a0\u00bb17px\u00a0\u00bb global_colors_info=\u00a0\u00bb{}\u00a0\u00bb]<\/p>\n<p><strong>Pour obtenir plus de renseignements, remplissez ce formulaire :<\/strong><\/p>\n<p>[\/et_pb_text][wpforms_selector form_id=\u00a0\u00bb6823&Prime; _builder_version=\u00a0\u00bb4.23.3&Prime; _module_preset=\u00a0\u00bbdefault\u00a0\u00bb global_colors_info=\u00a0\u00bb{}\u00a0\u00bb][\/wpforms_selector][et_pb_text _builder_version=\u00a0\u00bb4.23.1&Prime; _module_preset=\u00a0\u00bbdefault\u00a0\u00bb text_font=\u00a0\u00bbRoboto|300|||||||\u00a0\u00bb global_colors_info=\u00a0\u00bb{}\u00a0\u00bb]<\/p>\n<p style=\"text-align: justify;\"><b>Nous prenons soin de votre vie priv\u00e9e<\/b><br \/><span>Si vous avez des questions quant \u00e0 la cueillette, l\u2019utilisation ou la divulgation de vos renseignements personnels, veuillez consulter la section\u00a0<\/span><u>politique d\u2019utilisation et confidentialit\u00e9<\/u><span>\u00a0accessible par le lien qui est disponible au bas de cette page.<\/span><\/p>\n<p>[\/et_pb_text][\/et_pb_column][\/et_pb_row][\/et_pb_section]<\/p>\n","protected":false},"excerpt":{"rendered":"<p>Contrairement \u00e0 l\u2019exp\u00e9rience d\u2019acheter une premi\u00e8re propri\u00e9t\u00e9, lorsque vous chercher \u00e0 vous procurez une plus grande maisons et que vous \u00eates d\u00e9j\u00e0 propri\u00e9taire, il y a certains facteurs pouvant compliquer la situation. Il est de premi\u00e8re importance pour vous de bien comprendre ces facteurs avant de mettre votre propri\u00e9t\u00e9 actuelle en vente. Demandez votre copie [&hellip;]<\/p>\n","protected":false},"author":1,"featured_media":0,"parent":15,"menu_order":3,"comment_status":"closed","ping_status":"closed","template":"","meta":{"_et_pb_use_builder":"on","_et_pb_old_content":"","_et_gb_content_width":"","footnotes":""},"class_list":["post-6459","page","type-page","status-publish","hentry"],"_links":{"self":[{"href":"https:\/\/sashamcinnis.com\/en\/wp-json\/wp\/v2\/pages\/6459","targetHints":{"allow":["GET"]}}],"collection":[{"href":"https:\/\/sashamcinnis.com\/en\/wp-json\/wp\/v2\/pages"}],"about":[{"href":"https:\/\/sashamcinnis.com\/en\/wp-json\/wp\/v2\/types\/page"}],"author":[{"embeddable":true,"href":"https:\/\/sashamcinnis.com\/en\/wp-json\/wp\/v2\/users\/1"}],"replies":[{"embeddable":true,"href":"https:\/\/sashamcinnis.com\/en\/wp-json\/wp\/v2\/comments?post=6459"}],"version-history":[{"count":16,"href":"https:\/\/sashamcinnis.com\/en\/wp-json\/wp\/v2\/pages\/6459\/revisions"}],"predecessor-version":[{"id":7650,"href":"https:\/\/sashamcinnis.com\/en\/wp-json\/wp\/v2\/pages\/6459\/revisions\/7650"}],"up":[{"embeddable":true,"href":"https:\/\/sashamcinnis.com\/en\/wp-json\/wp\/v2\/pages\/15"}],"wp:attachment":[{"href":"https:\/\/sashamcinnis.com\/en\/wp-json\/wp\/v2\/media?parent=6459"}],"curies":[{"name":"wp","href":"https:\/\/api.w.org\/{rel}","templated":true}]}}