{"id":6500,"date":"2024-02-02T21:26:06","date_gmt":"2024-02-03T02:26:06","guid":{"rendered":"http:\/\/localhost\/equipemcinnis\/?page_id=6500"},"modified":"2024-02-02T23:43:26","modified_gmt":"2024-02-03T04:43:26","slug":"evaluation","status":"publish","type":"page","link":"https:\/\/sashamcinnis.com\/en\/vendre\/evaluation\/","title":{"rendered":"How much is my home worth?"},"content":{"rendered":"<p>[et_pb_section fb_built=\u00a0\u00bb1&Prime; _builder_version=\u00a0\u00bb4.23.1&Prime; _module_preset=\u00a0\u00bbdefault\u00a0\u00bb global_colors_info=\u00a0\u00bb{}\u00a0\u00bb][et_pb_row column_structure=\u00a0\u00bb1_2,1_2&Prime; _builder_version=\u00a0\u00bb4.23.2&Prime; _module_preset=\u00a0\u00bbdefault\u00a0\u00bb custom_margin=\u00a0\u00bb|||||false\u00a0\u00bb custom_padding=\u00a0\u00bb25px|25px|25px|25px|true|true\u00a0\u00bb border_width_all=\u00a0\u00bb2px\u00a0\u00bb border_color_all=\u00a0\u00bb#F3F5F6&Prime; global_colors_info=\u00a0\u00bb{}\u00a0\u00bb][et_pb_column type=\u00a0\u00bb1_2&Prime; _builder_version=\u00a0\u00bb4.23.1&Prime; _module_preset=\u00a0\u00bbdefault\u00a0\u00bb global_colors_info=\u00a0\u00bb{}\u00a0\u00bb][et_pb_heading title=\u00a0\u00bbEstimation GRATUITE de votre propri\u00e9t\u00e9\u00a0\u00bb _builder_version=\u00a0\u00bb4.23.3&Prime; _module_preset=\u00a0\u00bbdefault\u00a0\u00bb title_font=\u00a0\u00bbLato|300||on|||||\u00a0\u00bb title_text_color=\u00a0\u00bb#FF6B6B\u00a0\u00bb title_line_height=\u00a0\u00bb0.9em\u00a0\u00bb global_colors_info=\u00a0\u00bb{}\u00a0\u00bb][\/et_pb_heading][et_pb_image src=\u00a0\u00bbhttps:\/\/sashamcinnis.com\/wp-content\/uploads\/2023\/12\/Property-evaluation-2.png\u00a0\u00bb _builder_version=\u00a0\u00bb4.24.0&Prime; _module_preset=\u00a0\u00bbdefault\u00a0\u00bb hover_enabled=\u00a0\u00bb0&Prime; global_colors_info=\u00a0\u00bb{}\u00a0\u00bb sticky_enabled=\u00a0\u00bb0&Prime;][\/et_pb_image][et_pb_text _builder_version=\u00a0\u00bb4.23.2&Prime; _module_preset=\u00a0\u00bbdefault\u00a0\u00bb text_font=\u00a0\u00bbRoboto|300|||||||\u00a0\u00bb text_font_size=\u00a0\u00bb17px\u00a0\u00bb text_orientation=\u00a0\u00bbjustified\u00a0\u00bb global_colors_info=\u00a0\u00bb{}\u00a0\u00bb]<\/p>\n<p>Si vous voulez vendre votre propri\u00e9t\u00e9, une \u00e9valuation de la valeur marchande est souvent une \u00e9tape incontournable, mais comment s&rsquo;y prendre?<\/p>\n<p>Lorsqu&rsquo;il s&rsquo;agit d&rsquo;\u00e9tablir un prix pour une demeure qui renferme de nombreux souvenirs heureux, il est important de prendre en compte des crit\u00e8res objectifs li\u00e9s au march\u00e9 immobilier plut\u00f4t que de se laisser guider par les \u00e9motions. Une \u00e9valuation doit \u00eatre r\u00e9alis\u00e9e de mani\u00e8re objective, dans votre meilleur int\u00e9r\u00eat.<\/p>\n<p>\u00c0 l`aide des informations receuillis sur votre propri\u00e9t\u00e9, nous aurons ainsi une vue d&rsquo;ensemble qui nous permettra d&rsquo;effectuer une \u00e9tudes de comparables en utilisant des donn\u00e9es \u00c0 JOUR pour d\u00e9terminer \u00e0 combien votre propri\u00e9t\u00e9 pourrait etre vendue.<\/p>\n<p><strong>Ce service est compl\u00e8tement GRATUIT et ne comporte aucune obligation de votre part. Compl\u00e9tez le formulaire d\u00e8s aujourd&rsquo;hui pour connaitre la valeur de votre propri\u00e9t\u00e9.<\/strong><\/p>\n<p>[\/et_pb_text][\/et_pb_column][et_pb_column type=\u00a0\u00bb1_2&Prime; _builder_version=\u00a0\u00bb4.23.1&Prime; _module_preset=\u00a0\u00bbdefault\u00a0\u00bb global_colors_info=\u00a0\u00bb{}\u00a0\u00bb][et_pb_text _builder_version=\u00a0\u00bb4.23.3&Prime; _module_preset=\u00a0\u00bbdefault\u00a0\u00bb text_font=\u00a0\u00bbRoboto||||||||\u00a0\u00bb text_font_size=\u00a0\u00bb17px\u00a0\u00bb custom_padding=\u00a0\u00bb|0px||||\u00a0\u00bb global_colors_info=\u00a0\u00bb{}\u00a0\u00bb]<\/p>\n<p><strong>Pour obtenir plus de renseignements, remplissez ce formulaire:<\/strong><\/p>\n<p>[\/et_pb_text][wpforms_selector form_id=\u00a0\u00bb6725&Prime; show_title=\u00a0\u00bboff\u00a0\u00bb show_desc=\u00a0\u00bboff\u00a0\u00bb _builder_version=\u00a0\u00bb4.23.2&Prime; _module_preset=\u00a0\u00bbdefault\u00a0\u00bb width=\u00a0\u00bb100%\u00a0\u00bb global_colors_info=\u00a0\u00bb{}\u00a0\u00bb][\/wpforms_selector][et_pb_text _builder_version=\u00a0\u00bb4.23.2&Prime; _module_preset=\u00a0\u00bbdefault\u00a0\u00bb text_font=\u00a0\u00bbRoboto|300|||||||\u00a0\u00bb global_colors_info=\u00a0\u00bb{}\u00a0\u00bb]<\/p>\n<p style=\"text-align: justify;\"><b>Nous prenons soin de votre vie priv\u00e9e<\/b><br \/><span>Si vous avez des questions quant \u00e0 la cueillette, l\u2019utilisation ou la divulgation de vos renseignements personnels, veuillez consulter la section <\/span><u>politique d\u2019utilisation et confidentialit\u00e9<\/u><span>\u00a0accessible par le lien qui est disponible au bas de cette page.<\/span><\/p>\n<p>[\/et_pb_text][\/et_pb_column][\/et_pb_row][\/et_pb_section]<\/p>\n","protected":false},"excerpt":{"rendered":"<p>Si vous voulez vendre votre propri\u00e9t\u00e9, une \u00e9valuation de la valeur marchande est souvent une \u00e9tape incontournable, mais comment s&rsquo;y prendre? Lorsqu&rsquo;il s&rsquo;agit d&rsquo;\u00e9tablir un prix pour une demeure qui renferme de nombreux souvenirs heureux, il est important de prendre en compte des crit\u00e8res objectifs li\u00e9s au march\u00e9 immobilier plut\u00f4t que de se laisser guider [&hellip;]<\/p>\n","protected":false},"author":1,"featured_media":0,"parent":16,"menu_order":0,"comment_status":"closed","ping_status":"closed","template":"","meta":{"_et_pb_use_builder":"on","_et_pb_old_content":"<!-- wp:divi\/placeholder \/-->","_et_gb_content_width":"","footnotes":""},"class_list":["post-6500","page","type-page","status-publish","hentry"],"_links":{"self":[{"href":"https:\/\/sashamcinnis.com\/en\/wp-json\/wp\/v2\/pages\/6500","targetHints":{"allow":["GET"]}}],"collection":[{"href":"https:\/\/sashamcinnis.com\/en\/wp-json\/wp\/v2\/pages"}],"about":[{"href":"https:\/\/sashamcinnis.com\/en\/wp-json\/wp\/v2\/types\/page"}],"author":[{"embeddable":true,"href":"https:\/\/sashamcinnis.com\/en\/wp-json\/wp\/v2\/users\/1"}],"replies":[{"embeddable":true,"href":"https:\/\/sashamcinnis.com\/en\/wp-json\/wp\/v2\/comments?post=6500"}],"version-history":[{"count":22,"href":"https:\/\/sashamcinnis.com\/en\/wp-json\/wp\/v2\/pages\/6500\/revisions"}],"predecessor-version":[{"id":7634,"href":"https:\/\/sashamcinnis.com\/en\/wp-json\/wp\/v2\/pages\/6500\/revisions\/7634"}],"up":[{"embeddable":true,"href":"https:\/\/sashamcinnis.com\/en\/wp-json\/wp\/v2\/pages\/16"}],"wp:attachment":[{"href":"https:\/\/sashamcinnis.com\/en\/wp-json\/wp\/v2\/media?parent=6500"}],"curies":[{"name":"wp","href":"https:\/\/api.w.org\/{rel}","templated":true}]}}