{"id":6511,"date":"2024-02-02T21:26:06","date_gmt":"2024-02-03T02:26:06","guid":{"rendered":"http:\/\/localhost\/equipemcinnis\/?page_id=6511"},"modified":"2024-02-02T23:46:30","modified_gmt":"2024-02-03T04:46:30","slug":"divorce","status":"publish","type":"page","link":"https:\/\/sashamcinnis.com\/en\/vendre\/divorce\/","title":{"rendered":"Separation or divorce: What to do with the house?"},"content":{"rendered":"<p>[et_pb_section fb_built=\u00a0\u00bb1&Prime; _builder_version=\u00a0\u00bb4.23.1&Prime; _module_preset=\u00a0\u00bbdefault\u00a0\u00bb global_colors_info=\u00a0\u00bb{}\u00a0\u00bb][et_pb_row column_structure=\u00a0\u00bb3_5,2_5&Prime; _builder_version=\u00a0\u00bb4.23.1&Prime; _module_preset=\u00a0\u00bbdefault\u00a0\u00bb custom_margin=\u00a0\u00bb|||||false\u00a0\u00bb custom_padding=\u00a0\u00bb25px|25px|25px|25px|true|true\u00a0\u00bb border_width_all=\u00a0\u00bb2px\u00a0\u00bb border_color_all=\u00a0\u00bb#F3F5F6&Prime; global_colors_info=\u00a0\u00bb{}\u00a0\u00bb][et_pb_column type=\u00a0\u00bb3_5&Prime; _builder_version=\u00a0\u00bb4.23.1&Prime; _module_preset=\u00a0\u00bbdefault\u00a0\u00bb global_colors_info=\u00a0\u00bb{}\u00a0\u00bb][et_pb_heading title=\u00a0\u00bbs\u00e9paration ou divorce: quoi faire avec la maison?\u00a0\u00bb _builder_version=\u00a0\u00bb4.23.2&Prime; _module_preset=\u00a0\u00bbdefault\u00a0\u00bb title_font=\u00a0\u00bbLato|300||on|||||\u00a0\u00bb title_text_color=\u00a0\u00bb#FF6B6B\u00a0\u00bb title_line_height=\u00a0\u00bb0.9em\u00a0\u00bb global_colors_info=\u00a0\u00bb{}\u00a0\u00bb][\/et_pb_heading][et_pb_image src=\u00a0\u00bbhttps:\/\/sashamcinnis.com\/wp-content\/uploads\/2024\/01\/divorcesep.png\u00a0\u00bb _builder_version=\u00a0\u00bb4.24.0&Prime; _module_preset=\u00a0\u00bbdefault\u00a0\u00bb hover_enabled=\u00a0\u00bb0&Prime; box_shadow_style=\u00a0\u00bbpreset2&Prime; box_shadow_horizontal=\u00a0\u00bb8px\u00a0\u00bb box_shadow_vertical=\u00a0\u00bb8px\u00a0\u00bb global_colors_info=\u00a0\u00bb{}\u00a0\u00bb sticky_enabled=\u00a0\u00bb0&Prime;][\/et_pb_image][et_pb_text _builder_version=\u00a0\u00bb4.23.3&Prime; _module_preset=\u00a0\u00bbdefault\u00a0\u00bb text_font=\u00a0\u00bbRoboto|300|||||||\u00a0\u00bb text_font_size=\u00a0\u00bb17px\u00a0\u00bb text_orientation=\u00a0\u00bbjustified\u00a0\u00bb custom_padding=\u00a0\u00bb||||false|false\u00a0\u00bb global_colors_info=\u00a0\u00bb{}\u00a0\u00bb]<\/p>\n<p><span>Personne n\u2019envisage de divorcer lors de l\u2019achat d\u2019un bien immobilier en couple, et pourtant c\u2019est une r\u00e9alit\u00e9 pour un tr\u00e8s grand nombre de personnes. La s\u00e9paration est un moment difficile \u00e0 traverser qui peut \u00eatre \u00e9puisant, \u00e0 la fois \u00e9motionnellement et juridiquement.<\/span><\/p>\n<p><span>Lorsqu&rsquo;on se trouve dans une telle situation, il peut \u00eatre complexe de d\u00e9terminer comment r\u00e9partir les biens, en particulier lorsqu&rsquo;il s&rsquo;agit d&rsquo;une maison et d&rsquo;une hypoth\u00e8que. Cependant, il existe\u00a0 quelques solutions qui s&rsquo;offrent \u00e0 vous pour minimiser les cons\u00e9quences financi\u00e8res et le potentiel des regrets dans le futur.<\/span><\/p>\n<p><strong>Remplissez le formulaire d\u00e8s aujourd&rsquo;hui pour obtenir une copie GRATUITE de notre texte qui d\u00e9taille les 4 options qui s&rsquo;offrent \u00e0 vous lors d&rsquo;une s\u00e9paration et commencez \u00e0 parcourir votre situation de mani\u00e8re un peu plus \u00e9clair\u00e9e .<\/strong><\/p>\n<p>[\/et_pb_text][\/et_pb_column][et_pb_column type=\u00a0\u00bb2_5&Prime; _builder_version=\u00a0\u00bb4.23.1&Prime; _module_preset=\u00a0\u00bbdefault\u00a0\u00bb global_colors_info=\u00a0\u00bb{}\u00a0\u00bb][et_pb_text _builder_version=\u00a0\u00bb4.23.3&Prime; _module_preset=\u00a0\u00bbdefault\u00a0\u00bb text_font_size=\u00a0\u00bb17px\u00a0\u00bb global_colors_info=\u00a0\u00bb{}\u00a0\u00bb]<\/p>\n<p><strong>Pour obtenir plus de renseignements, remplissez ce formulaire:<\/strong><\/p>\n<p>[\/et_pb_text][wpforms_selector form_id=\u00a0\u00bb6823&Prime; _builder_version=\u00a0\u00bb4.23.3&Prime; _module_preset=\u00a0\u00bbdefault\u00a0\u00bb global_colors_info=\u00a0\u00bb{}\u00a0\u00bb][\/wpforms_selector][et_pb_text _builder_version=\u00a0\u00bb4.23.1&Prime; _module_preset=\u00a0\u00bbdefault\u00a0\u00bb text_font=\u00a0\u00bbRoboto|300|||||||\u00a0\u00bb global_colors_info=\u00a0\u00bb{}\u00a0\u00bb]<\/p>\n<p style=\"text-align: justify;\"><b>Nous prenons soin de votre vie priv\u00e9e<\/b><br \/><span>Si vous avez des questions quant \u00e0 la cueillette, l\u2019utilisation ou la divulgation de vos renseignements personnels, veuillez consulter la section\u00a0<\/span><u>politique d\u2019utilisation et confidentialit\u00e9<\/u><span>\u00a0accessible par le lien qui est disponible au bas de cette page<\/span><\/p>\n<p>[\/et_pb_text][\/et_pb_column][\/et_pb_row][\/et_pb_section]<\/p>\n","protected":false},"excerpt":{"rendered":"<p>Personne n\u2019envisage de divorcer lors de l\u2019achat d\u2019un bien immobilier en couple, et pourtant c\u2019est une r\u00e9alit\u00e9 pour un tr\u00e8s grand nombre de personnes. La s\u00e9paration est un moment difficile \u00e0 traverser qui peut \u00eatre \u00e9puisant, \u00e0 la fois \u00e9motionnellement et juridiquement. Lorsqu&rsquo;on se trouve dans une telle situation, il peut \u00eatre complexe de d\u00e9terminer [&hellip;]<\/p>\n","protected":false},"author":1,"featured_media":0,"parent":16,"menu_order":5,"comment_status":"closed","ping_status":"closed","template":"","meta":{"_et_pb_use_builder":"on","_et_pb_old_content":"<!-- wp:divi\/placeholder \/-->","_et_gb_content_width":"","footnotes":""},"class_list":["post-6511","page","type-page","status-publish","hentry"],"_links":{"self":[{"href":"https:\/\/sashamcinnis.com\/en\/wp-json\/wp\/v2\/pages\/6511","targetHints":{"allow":["GET"]}}],"collection":[{"href":"https:\/\/sashamcinnis.com\/en\/wp-json\/wp\/v2\/pages"}],"about":[{"href":"https:\/\/sashamcinnis.com\/en\/wp-json\/wp\/v2\/types\/page"}],"author":[{"embeddable":true,"href":"https:\/\/sashamcinnis.com\/en\/wp-json\/wp\/v2\/users\/1"}],"replies":[{"embeddable":true,"href":"https:\/\/sashamcinnis.com\/en\/wp-json\/wp\/v2\/comments?post=6511"}],"version-history":[{"count":22,"href":"https:\/\/sashamcinnis.com\/en\/wp-json\/wp\/v2\/pages\/6511\/revisions"}],"predecessor-version":[{"id":7641,"href":"https:\/\/sashamcinnis.com\/en\/wp-json\/wp\/v2\/pages\/6511\/revisions\/7641"}],"up":[{"embeddable":true,"href":"https:\/\/sashamcinnis.com\/en\/wp-json\/wp\/v2\/pages\/16"}],"wp:attachment":[{"href":"https:\/\/sashamcinnis.com\/en\/wp-json\/wp\/v2\/media?parent=6511"}],"curies":[{"name":"wp","href":"https:\/\/api.w.org\/{rel}","templated":true}]}}