{"id":6517,"date":"2024-02-02T21:26:06","date_gmt":"2024-02-03T02:26:06","guid":{"rendered":"http:\/\/localhost\/equipemcinnis\/?page_id=6517"},"modified":"2024-02-02T23:46:04","modified_gmt":"2024-02-03T04:46:04","slug":"expire","status":"publish","type":"page","link":"https:\/\/sashamcinnis.com\/en\/vendre\/expire\/","title":{"rendered":"Votre propri\u00e9t\u00e9 ne s&rsquo;est pas vendue?"},"content":{"rendered":"<p>[et_pb_section fb_built=\u00a0\u00bb1&Prime; _builder_version=\u00a0\u00bb4.23.1&Prime; _module_preset=\u00a0\u00bbdefault\u00a0\u00bb global_colors_info=\u00a0\u00bb{}\u00a0\u00bb][et_pb_row column_structure=\u00a0\u00bb3_5,2_5&Prime; _builder_version=\u00a0\u00bb4.23.1&Prime; _module_preset=\u00a0\u00bbdefault\u00a0\u00bb custom_margin=\u00a0\u00bb|||||false\u00a0\u00bb custom_padding=\u00a0\u00bb25px|25px|25px|25px|true|true\u00a0\u00bb border_width_all=\u00a0\u00bb2px\u00a0\u00bb border_color_all=\u00a0\u00bb#F3F5F6&Prime; global_colors_info=\u00a0\u00bb{}\u00a0\u00bb][et_pb_column type=\u00a0\u00bb3_5&Prime; _builder_version=\u00a0\u00bb4.23.1&Prime; _module_preset=\u00a0\u00bbdefault\u00a0\u00bb global_colors_info=\u00a0\u00bb{}\u00a0\u00bb][et_pb_heading title=\u00a0\u00bbQUOI FAIRE SI VOTRE PROPRI\u00c9T\u00c9 NE S&rsquo;EST PAS VENDUE?\u00a0\u00bb _builder_version=\u00a0\u00bb4.23.3&Prime; _module_preset=\u00a0\u00bbdefault\u00a0\u00bb title_font=\u00a0\u00bbLato|300||on|||||\u00a0\u00bb title_text_color=\u00a0\u00bb#FF6B6B\u00a0\u00bb title_line_height=\u00a0\u00bb0.9em\u00a0\u00bb global_colors_info=\u00a0\u00bb{}\u00a0\u00bb][\/et_pb_heading][et_pb_image src=\u00a0\u00bbhttps:\/\/sashamcinnis.com\/wp-content\/uploads\/2023\/12\/Expired.png\u00a0\u00bb _builder_version=\u00a0\u00bb4.24.0&Prime; _module_preset=\u00a0\u00bbdefault\u00a0\u00bb hover_enabled=\u00a0\u00bb0&Prime; global_colors_info=\u00a0\u00bb{}\u00a0\u00bb sticky_enabled=\u00a0\u00bb0&Prime;][\/et_pb_image][et_pb_text _builder_version=\u00a0\u00bb4.23.2&Prime; _module_preset=\u00a0\u00bbdefault\u00a0\u00bb text_font=\u00a0\u00bbRoboto|300|||||||\u00a0\u00bb text_font_size=\u00a0\u00bb17px\u00a0\u00bb text_orientation=\u00a0\u00bbjustified\u00a0\u00bb global_colors_info=\u00a0\u00bb{}\u00a0\u00bb]<\/p>\n<div class=\"col-md-8 col-md-offset-0\">\n<p><span>Lorsque les choses ne vont pas comme pr\u00e9vu dans la vente d\u2019une maison, cel\u00e0 peut \u00eatre d\u00e9cevant pour un vendeur et le pousser \u00e0 abandonner son projet de vente. Ce que plusieurs vendeurs ne savent pas c&rsquo;est qu&rsquo;il peut y avoir plusieurs raisons pour laquelle la maison ne s&rsquo;est pas vendue qui n&rsquo;ont rien avoir avec la maison en question ou le march\u00e9 actuel.<\/span><\/p>\n<p>Si votre d\u00e9lai d\u2019inscripion est termin\u00e9 sans aucun r\u00e9sultat et si vous voulez continuer \u00e0 la vendre, ne p<span style=\"font-size: 17px;\">renez pas de chances \u00e0 refaire les m\u00eames erreurs.<\/span>, Prenez du recul et r\u00e9\u00e9valuez la situation avant de la remettre sur le march\u00e9.<\/p>\n<p><span style=\"font-size: 17px;\">Si vous voulez r\u00e9ussir \u00e0 vendre votre propri\u00e9t\u00e9, remplissez le formulaire d\u00e8s aujourd&rsquo;hui pour obtenir une copie GRATUITE de notre texte qui d\u00e9taille les <strong>4 \u00e9l\u00e9ments cl\u00e9s \u00e0 consid\u00e9rer pour r\u00e9ussir la vente d&rsquo;une propri\u00e9t\u00e9 qui ne s&rsquo;est pas vendue.<\/strong><\/span><\/p>\n<p>&nbsp;<\/p>\n<\/div>\n<div class=\"col-md-4 col-md-offset-0\">\n<div class=\"page-form form-site\">\n<form method=\"post\" name=\"reportreqestform\" id=\"reportreqestform\" action=\"https:\/\/www.equipemcinnis.com\/seminar_expired\" novalidate=\"novalidate\">\n<div class=\"error\"><\/div>\n<\/form>\n<\/div>\n<\/div>\n<p>[\/et_pb_text][\/et_pb_column][et_pb_column type=\u00a0\u00bb2_5&Prime; _builder_version=\u00a0\u00bb4.23.1&Prime; _module_preset=\u00a0\u00bbdefault\u00a0\u00bb global_colors_info=\u00a0\u00bb{}\u00a0\u00bb][et_pb_text _builder_version=\u00a0\u00bb4.23.2&Prime; _module_preset=\u00a0\u00bbdefault\u00a0\u00bb text_font=\u00a0\u00bbRoboto||||||||\u00a0\u00bb text_font_size=\u00a0\u00bb17px\u00a0\u00bb global_colors_info=\u00a0\u00bb{}\u00a0\u00bb]<\/p>\n<p><strong>Pour obtenir plus de renseignements, remplissez ce formulaire :<\/strong><\/p>\n<p>[\/et_pb_text][wpforms_selector form_id=\u00a0\u00bb6823&Prime; _builder_version=\u00a0\u00bb4.23.3&Prime; _module_preset=\u00a0\u00bbdefault\u00a0\u00bb global_colors_info=\u00a0\u00bb{}\u00a0\u00bb][\/wpforms_selector][et_pb_text _builder_version=\u00a0\u00bb4.23.2&Prime; _module_preset=\u00a0\u00bbdefault\u00a0\u00bb text_font=\u00a0\u00bbRoboto|300|||||||\u00a0\u00bb global_colors_info=\u00a0\u00bb{}\u00a0\u00bb]<\/p>\n<p style=\"text-align: justify;\"><b>Nous prenons soin de votre vie priv\u00e9e<\/b><br \/><span>Si vous avez des questions quant \u00e0 la cueillette, l\u2019utilisation ou la divulgation de vos renseignements personnels, veuillez consulter la section\u00a0<\/span><u>politique d\u2019utilisation et confidentialit\u00e9<\/u><span>\u00a0accessible par le lien qui est disponible au bas de cette page.<\/span><\/p>\n<p>[\/et_pb_text][\/et_pb_column][\/et_pb_row][\/et_pb_section]<\/p>\n","protected":false},"excerpt":{"rendered":"<p>Lorsque les choses ne vont pas comme pr\u00e9vu dans la vente d\u2019une maison, cel\u00e0 peut \u00eatre d\u00e9cevant pour un vendeur et le pousser \u00e0 abandonner son projet de vente. Ce que plusieurs vendeurs ne savent pas c&rsquo;est qu&rsquo;il peut y avoir plusieurs raisons pour laquelle la maison ne s&rsquo;est pas vendue qui n&rsquo;ont rien avoir [&hellip;]<\/p>\n","protected":false},"author":1,"featured_media":0,"parent":16,"menu_order":8,"comment_status":"closed","ping_status":"closed","template":"","meta":{"_et_pb_use_builder":"on","_et_pb_old_content":"<!-- wp:divi\/placeholder \/-->","_et_gb_content_width":"","footnotes":""},"class_list":["post-6517","page","type-page","status-publish","hentry"],"_links":{"self":[{"href":"https:\/\/sashamcinnis.com\/en\/wp-json\/wp\/v2\/pages\/6517","targetHints":{"allow":["GET"]}}],"collection":[{"href":"https:\/\/sashamcinnis.com\/en\/wp-json\/wp\/v2\/pages"}],"about":[{"href":"https:\/\/sashamcinnis.com\/en\/wp-json\/wp\/v2\/types\/page"}],"author":[{"embeddable":true,"href":"https:\/\/sashamcinnis.com\/en\/wp-json\/wp\/v2\/users\/1"}],"replies":[{"embeddable":true,"href":"https:\/\/sashamcinnis.com\/en\/wp-json\/wp\/v2\/comments?post=6517"}],"version-history":[{"count":18,"href":"https:\/\/sashamcinnis.com\/en\/wp-json\/wp\/v2\/pages\/6517\/revisions"}],"predecessor-version":[{"id":7640,"href":"https:\/\/sashamcinnis.com\/en\/wp-json\/wp\/v2\/pages\/6517\/revisions\/7640"}],"up":[{"embeddable":true,"href":"https:\/\/sashamcinnis.com\/en\/wp-json\/wp\/v2\/pages\/16"}],"wp:attachment":[{"href":"https:\/\/sashamcinnis.com\/en\/wp-json\/wp\/v2\/media?parent=6517"}],"curies":[{"name":"wp","href":"https:\/\/api.w.org\/{rel}","templated":true}]}}