{"id":6530,"date":"2023-12-22T00:51:07","date_gmt":"2023-12-22T05:51:07","guid":{"rendered":"http:\/\/localhost\/equipemcinnis\/?page_id=6530"},"modified":"2024-02-02T23:47:45","modified_gmt":"2024-02-03T04:47:45","slug":"enfants","status":"publish","type":"page","link":"https:\/\/sashamcinnis.com\/en\/vendre\/enfants\/","title":{"rendered":"8 tips to make moving with children easier"},"content":{"rendered":"<p>[et_pb_section fb_built=\u00a0\u00bb1&Prime; _builder_version=\u00a0\u00bb4.23.1&Prime; _module_preset=\u00a0\u00bbdefault\u00a0\u00bb global_colors_info=\u00a0\u00bb{}\u00a0\u00bb][et_pb_row column_structure=\u00a0\u00bb3_5,2_5&Prime; _builder_version=\u00a0\u00bb4.23.1&Prime; _module_preset=\u00a0\u00bbdefault\u00a0\u00bb custom_margin=\u00a0\u00bb|||||false\u00a0\u00bb custom_padding=\u00a0\u00bb25px|25px|25px|25px|true|true\u00a0\u00bb border_width_all=\u00a0\u00bb2px\u00a0\u00bb border_color_all=\u00a0\u00bb#F3F5F6&Prime; global_colors_info=\u00a0\u00bb{}\u00a0\u00bb][et_pb_column type=\u00a0\u00bb3_5&Prime; _builder_version=\u00a0\u00bb4.23.1&Prime; _module_preset=\u00a0\u00bbdefault\u00a0\u00bb global_colors_info=\u00a0\u00bb{}\u00a0\u00bb][et_pb_heading title=\u00a0\u00bb8 FA\u00c7ONS DE FACILITER LE D\u00c9M\u00c9NAGEMENT AVEC LES ENFANTS\u00a0\u00bb _builder_version=\u00a0\u00bb4.23.4&Prime; _module_preset=\u00a0\u00bbdefault\u00a0\u00bb title_font=\u00a0\u00bbLato|300||on|||||\u00a0\u00bb title_text_color=\u00a0\u00bb#FF6B6B\u00a0\u00bb title_line_height=\u00a0\u00bb0.9em\u00a0\u00bb global_colors_info=\u00a0\u00bb{}\u00a0\u00bb][\/et_pb_heading][et_pb_image src=\u00a0\u00bbhttps:\/\/sashamcinnis.com\/wp-content\/uploads\/2023\/12\/moving-with-kids.png\u00a0\u00bb _builder_version=\u00a0\u00bb4.24.0&Prime; _module_preset=\u00a0\u00bbdefault\u00a0\u00bb hover_enabled=\u00a0\u00bb0&Prime; global_colors_info=\u00a0\u00bb{}\u00a0\u00bb sticky_enabled=\u00a0\u00bb0&Prime;][\/et_pb_image][et_pb_text _builder_version=\u00a0\u00bb4.23.2&Prime; _module_preset=\u00a0\u00bbdefault\u00a0\u00bb text_font=\u00a0\u00bbRoboto|300|||||||\u00a0\u00bb text_font_size=\u00a0\u00bb17px\u00a0\u00bb text_orientation=\u00a0\u00bbjustified\u00a0\u00bb global_colors_info=\u00a0\u00bb{}\u00a0\u00bb]<\/p>\n<p><span>D\u00e9m\u00e9nager est un moment excitant. Vous avez trouv\u00e9 un nouveau nid o\u00f9 vous poser et o\u00f9 cr\u00e9er de nouveaux souvenirs en famille. Mais il s\u2019agit \u00e9galement d\u2019une \u00e9tape stressante, surtout si vous avez de jeunes enfants. Les changements, la nouveaut\u00e9 et l\u2019inconnu sont des principes difficiles \u00e0 apprivoiser \u00e0 cet \u00e2ge. Votre enfant peut ne pas trop comprendre ce qui se passe et se sentir d\u00e9sempar\u00e9 \u00e0 l\u2019id\u00e9e de perdre ses rep\u00e8res habituels, sa routine \u00e9tablie ou le milieu qu\u2019il conna\u00eet. Par chance, vous pouvez aider votre tout-petit \u00e0 bien vivre ce changement! <\/span><\/p>\n<p><strong>Compl\u00e9tez le formulaire pour recevoir notre liste GRATUITE des 8 conseils pour\u00a0 faciliter le d\u00e9m\u00e9nagement avec les enfants.<\/strong><\/p>\n<p>[\/et_pb_text][\/et_pb_column][et_pb_column type=\u00a0\u00bb2_5&Prime; _builder_version=\u00a0\u00bb4.23.1&Prime; _module_preset=\u00a0\u00bbdefault\u00a0\u00bb global_colors_info=\u00a0\u00bb{}\u00a0\u00bb][et_pb_text _builder_version=\u00a0\u00bb4.23.2&Prime; _module_preset=\u00a0\u00bbdefault\u00a0\u00bb text_font=\u00a0\u00bbRoboto||||||||\u00a0\u00bb text_font_size=\u00a0\u00bb17px\u00a0\u00bb global_colors_info=\u00a0\u00bb{}\u00a0\u00bb]<\/p>\n<p><strong>Pour obtenir plus de renseignements, remplissez ce formulaire :<\/strong><\/p>\n<p>[\/et_pb_text][wpforms_selector form_id=\u00a0\u00bb6823&Prime; _builder_version=\u00a0\u00bb4.23.3&Prime; _module_preset=\u00a0\u00bbdefault\u00a0\u00bb global_colors_info=\u00a0\u00bb{}\u00a0\u00bb][\/wpforms_selector][et_pb_text _builder_version=\u00a0\u00bb4.23.2&Prime; _module_preset=\u00a0\u00bbdefault\u00a0\u00bb text_font=\u00a0\u00bbRoboto|300|||||||\u00a0\u00bb global_colors_info=\u00a0\u00bb{}\u00a0\u00bb]<\/p>\n<p style=\"text-align: justify;\"><b>Nous prenons soin de votre vie priv\u00e9e<\/b><br \/><span>Si vous avez des questions quant \u00e0 la cueillette, l\u2019utilisation ou la divulgation de vos renseignements personnels, veuillez consulter la section\u00a0<\/span><u>politique d\u2019utilisation et confidentialit\u00e9<\/u><span>\u00a0accessible par le lien qui est disponible au bas de cette page.<\/span><\/p>\n<p>[\/et_pb_text][\/et_pb_column][\/et_pb_row][\/et_pb_section]<\/p>\n","protected":false},"excerpt":{"rendered":"<p>D\u00e9m\u00e9nager est un moment excitant. Vous avez trouv\u00e9 un nouveau nid o\u00f9 vous poser et o\u00f9 cr\u00e9er de nouveaux souvenirs en famille. Mais il s\u2019agit \u00e9galement d\u2019une \u00e9tape stressante, surtout si vous avez de jeunes enfants. Les changements, la nouveaut\u00e9 et l\u2019inconnu sont des principes difficiles \u00e0 apprivoiser \u00e0 cet \u00e2ge. Votre enfant peut ne [&hellip;]<\/p>\n","protected":false},"author":1,"featured_media":0,"parent":16,"menu_order":12,"comment_status":"closed","ping_status":"closed","template":"","meta":{"_et_pb_use_builder":"on","_et_pb_old_content":"","_et_gb_content_width":"","footnotes":""},"class_list":["post-6530","page","type-page","status-publish","hentry"],"_links":{"self":[{"href":"https:\/\/sashamcinnis.com\/en\/wp-json\/wp\/v2\/pages\/6530","targetHints":{"allow":["GET"]}}],"collection":[{"href":"https:\/\/sashamcinnis.com\/en\/wp-json\/wp\/v2\/pages"}],"about":[{"href":"https:\/\/sashamcinnis.com\/en\/wp-json\/wp\/v2\/types\/page"}],"author":[{"embeddable":true,"href":"https:\/\/sashamcinnis.com\/en\/wp-json\/wp\/v2\/users\/1"}],"replies":[{"embeddable":true,"href":"https:\/\/sashamcinnis.com\/en\/wp-json\/wp\/v2\/comments?post=6530"}],"version-history":[{"count":14,"href":"https:\/\/sashamcinnis.com\/en\/wp-json\/wp\/v2\/pages\/6530\/revisions"}],"predecessor-version":[{"id":7644,"href":"https:\/\/sashamcinnis.com\/en\/wp-json\/wp\/v2\/pages\/6530\/revisions\/7644"}],"up":[{"embeddable":true,"href":"https:\/\/sashamcinnis.com\/en\/wp-json\/wp\/v2\/pages\/16"}],"wp:attachment":[{"href":"https:\/\/sashamcinnis.com\/en\/wp-json\/wp\/v2\/media?parent=6530"}],"curies":[{"name":"wp","href":"https:\/\/api.w.org\/{rel}","templated":true}]}}