{"id":7264,"date":"2024-01-17T10:48:49","date_gmt":"2024-01-17T15:48:49","guid":{"rendered":"http:\/\/localhost\/sashamcinnis\/?page_id=7264"},"modified":"2024-02-02T23:41:37","modified_gmt":"2024-02-03T04:41:37","slug":"inspecteurs","status":"publish","type":"page","link":"https:\/\/sashamcinnis.com\/en\/ressources\/inspecteurs\/","title":{"rendered":"Home Inspectors"},"content":{"rendered":"<p>[et_pb_section fb_built=\u00a0\u00bb1&Prime; _builder_version=\u00a0\u00bb4.23.1&Prime; _module_preset=\u00a0\u00bbdefault\u00a0\u00bb global_colors_info=\u00a0\u00bb{}\u00a0\u00bb][et_pb_row column_structure=\u00a0\u00bb3_5,2_5&Prime; _builder_version=\u00a0\u00bb4.23.1&Prime; _module_preset=\u00a0\u00bbdefault\u00a0\u00bb custom_margin=\u00a0\u00bb|||||false\u00a0\u00bb custom_padding=\u00a0\u00bb25px|25px|25px|25px|true|true\u00a0\u00bb border_width_all=\u00a0\u00bb2px\u00a0\u00bb border_color_all=\u00a0\u00bb#F3F5F6&Prime; global_colors_info=\u00a0\u00bb{}\u00a0\u00bb][et_pb_column type=\u00a0\u00bb3_5&Prime; _builder_version=\u00a0\u00bb4.23.1&Prime; _module_preset=\u00a0\u00bbdefault\u00a0\u00bb global_colors_info=\u00a0\u00bb{}\u00a0\u00bb][et_pb_heading title=\u00a0\u00bbINSPECTEURS EN B\u00c2TIMENT\u00a0\u00bb _builder_version=\u00a0\u00bb4.23.4&Prime; _module_preset=\u00a0\u00bbdefault\u00a0\u00bb title_font=\u00a0\u00bbLato|300||on|||||\u00a0\u00bb title_text_color=\u00a0\u00bb#FF6B6B\u00a0\u00bb title_line_height=\u00a0\u00bb0.9em\u00a0\u00bb global_colors_info=\u00a0\u00bb{}\u00a0\u00bb][\/et_pb_heading][et_pb_image src=\u00a0\u00bbhttps:\/\/sashamcinnis.com\/wp-content\/uploads\/2024\/01\/inspecteurs.png\u00a0\u00bb _builder_version=\u00a0\u00bb4.24.0&Prime; _module_preset=\u00a0\u00bbdefault\u00a0\u00bb hover_enabled=\u00a0\u00bb0&Prime; global_colors_info=\u00a0\u00bb{}\u00a0\u00bb sticky_enabled=\u00a0\u00bb0&Prime;][\/et_pb_image][et_pb_text _builder_version=\u00a0\u00bb4.23.4&Prime; _module_preset=\u00a0\u00bbdefault\u00a0\u00bb text_font=\u00a0\u00bbRoboto|300|||||||\u00a0\u00bb text_font_size=\u00a0\u00bb17px\u00a0\u00bb text_orientation=\u00a0\u00bbjustified\u00a0\u00bb global_colors_info=\u00a0\u00bb{}\u00a0\u00bb]<\/p>\n<p><strong>Qu\u2019est-ce qu\u2019une inspection?<\/strong><\/p>\n<p>L\u2019inspection est un examen de l\u2019\u00e9tat d\u2019une r\u00e9sidence et de ce qui est visible aux yeux d\u2019un inspecteur en b\u00e2timent, \u00e0 l\u2019int\u00e9rieur comme \u00e0 l\u2019ext\u00e9rieur. Elle n\u2019est pas obligatoire \u00e0 l\u2019obtention d\u2019un pr\u00eat hypoth\u00e9caire, mais elle peut vous \u00e9viter des ennuis souvent co\u00fbteux. L\u2019inspection est recommand\u00e9e dans toutes les provinces du Canada, et ce, peu importe le type de propri\u00e9t\u00e9.<\/p>\n<p><strong>Qu\u2019est-ce qui est inclus dans une inspection et le rapport?<\/strong><\/p>\n<p>L\u2019inspecteur \u00e9value visuellement les zones accessibles \u00e0 l\u2019int\u00e9rieur et \u00e0 l\u2019ext\u00e9rieur de la propri\u00e9t\u00e9\u2009; les murs, le plafond, le recouvrement du sol, la structure, les fondations, le toit, etc. Les aires communes peuvent aussi \u00eatre inspect\u00e9es dans le cas d\u2019une copropri\u00e9t\u00e9.<\/p>\n<div>\n<div class=\"aem-Grid aem-Grid--12 aem-Grid--default--12 \">Le rapport d\u2019inspection doit contenir :<\/div>\n<\/div>\n<ul>\n<li>des observations d\u00e9taill\u00e9es sur l\u2019\u00e9tat des lieux de la propri\u00e9t\u00e9\u2009;<\/li>\n<li>des d\u00e9tails sur les d\u00e9fauts, les travaux \u00e0 pr\u00e9voir, les possibles infiltrations d\u2019eau, l\u2019apparence de moisissures, la pr\u00e9sence d\u2019odeurs suspectes, etc.\u2009;<\/li>\n<li>plusieurs photos des lieux.<\/li>\n<\/ul>\n<p><strong>Quels sont les avantages de faire inspecter une maison?<\/strong><\/p>\n<p><span>L\u2019achat d\u2019une propri\u00e9t\u00e9 repr\u00e9sente une somme consid\u00e9rable, donc l\u2019inspection permet de faire cet achat en toute connaissance de cause. Cette importante \u00e9tape de vie requiert un moment de r\u00e9flexion. Vous vous appr\u00eatez \u00e0 effectuer l\u2019un des plus gros achats de votre vie, seriez-vous pr\u00eat \u00e0 le faire les yeux ferm\u00e9s? L\u2019avantage premier de l\u2019inspection pr\u00e9achat est de vous permettre d\u2019avoir une bonne connaissance de la r\u00e9sidence et d\u2019\u00e9viter les mauvaises surprises futures.<\/span><\/p>\n<p><span>Si vous \u00eates d\u00e9j\u00e0 propri\u00e9taire d\u2019une maison, une inspection de la maison peut \u00eatre utile pour d\u00e9terminer les probl\u00e8mes de construction et de vous renseigner sur les mesures pr\u00e9ventives pour \u00e9viter les futures r\u00e9parations co\u00fbteuses. Si vous comptez vendre votre maison, il se peut que vous souhaitiez de la faire inspecter avant de la mettre en vente sur le march\u00e9. Cela vous donnera une meilleure compr\u00e9hension de son \u00e9tat avant qu\u2019il soit probablement d\u00e9couvert par l\u2019inspecteur de l\u2019acheteur. Vous aurez ainsi l\u2019occasion d\u2019effectuer des r\u00e9parations qui mettront votre maison dans un meilleur \u00e9tat de vente.<\/span><\/p>\n<p><span><strong>Remplissez le formulaire pour trouver le professionnel que vous cherchez<\/strong>.<\/span><\/p>\n<p>[\/et_pb_text][\/et_pb_column][et_pb_column type=\u00a0\u00bb2_5&Prime; _builder_version=\u00a0\u00bb4.23.1&Prime; _module_preset=\u00a0\u00bbdefault\u00a0\u00bb global_colors_info=\u00a0\u00bb{}\u00a0\u00bb][et_pb_text _builder_version=\u00a0\u00bb4.23.2&Prime; _module_preset=\u00a0\u00bbdefault\u00a0\u00bb text_font=\u00a0\u00bbRoboto||||||||\u00a0\u00bb text_font_size=\u00a0\u00bb17px\u00a0\u00bb global_colors_info=\u00a0\u00bb{}\u00a0\u00bb]<\/p>\n<p><strong>Pour obtenir plus de renseignements, remplissez ce formulaire :<\/strong><\/p>\n<p>[\/et_pb_text][wpforms_selector form_id=\u00a0\u00bb6823&Prime; _builder_version=\u00a0\u00bb4.23.3&Prime; _module_preset=\u00a0\u00bbdefault\u00a0\u00bb global_colors_info=\u00a0\u00bb{}\u00a0\u00bb][\/wpforms_selector][et_pb_text _builder_version=\u00a0\u00bb4.23.2&Prime; _module_preset=\u00a0\u00bbdefault\u00a0\u00bb text_font=\u00a0\u00bbRoboto|300|||||||\u00a0\u00bb global_colors_info=\u00a0\u00bb{}\u00a0\u00bb]<\/p>\n<p style=\"text-align: justify;\"><b>Nous prenons soin de votre vie priv\u00e9e<\/b><br \/><span>Si vous avez des questions quant \u00e0 la cueillette, l\u2019utilisation ou la divulgation de vos renseignements personnels, veuillez consulter la section\u00a0<\/span><u>politique d\u2019utilisation et confidentialit\u00e9<\/u><span>\u00a0accessible par le lien qui est disponible au bas de cette page.<\/span><\/p>\n<p>[\/et_pb_text][\/et_pb_column][\/et_pb_row][\/et_pb_section]<\/p>\n","protected":false},"excerpt":{"rendered":"<p>Qu\u2019est-ce qu\u2019une inspection? L\u2019inspection est un examen de l\u2019\u00e9tat d\u2019une r\u00e9sidence et de ce qui est visible aux yeux d\u2019un inspecteur en b\u00e2timent, \u00e0 l\u2019int\u00e9rieur comme \u00e0 l\u2019ext\u00e9rieur. Elle n\u2019est pas obligatoire \u00e0 l\u2019obtention d\u2019un pr\u00eat hypoth\u00e9caire, mais elle peut vous \u00e9viter des ennuis souvent co\u00fbteux. L\u2019inspection est recommand\u00e9e dans toutes les provinces du Canada, [&hellip;]<\/p>\n","protected":false},"author":1,"featured_media":0,"parent":7262,"menu_order":0,"comment_status":"closed","ping_status":"closed","template":"","meta":{"_et_pb_use_builder":"on","_et_pb_old_content":"","_et_gb_content_width":"","footnotes":""},"class_list":["post-7264","page","type-page","status-publish","hentry"],"_links":{"self":[{"href":"https:\/\/sashamcinnis.com\/en\/wp-json\/wp\/v2\/pages\/7264","targetHints":{"allow":["GET"]}}],"collection":[{"href":"https:\/\/sashamcinnis.com\/en\/wp-json\/wp\/v2\/pages"}],"about":[{"href":"https:\/\/sashamcinnis.com\/en\/wp-json\/wp\/v2\/types\/page"}],"author":[{"embeddable":true,"href":"https:\/\/sashamcinnis.com\/en\/wp-json\/wp\/v2\/users\/1"}],"replies":[{"embeddable":true,"href":"https:\/\/sashamcinnis.com\/en\/wp-json\/wp\/v2\/comments?post=7264"}],"version-history":[{"count":4,"href":"https:\/\/sashamcinnis.com\/en\/wp-json\/wp\/v2\/pages\/7264\/revisions"}],"predecessor-version":[{"id":7629,"href":"https:\/\/sashamcinnis.com\/en\/wp-json\/wp\/v2\/pages\/7264\/revisions\/7629"}],"up":[{"embeddable":true,"href":"https:\/\/sashamcinnis.com\/en\/wp-json\/wp\/v2\/pages\/7262"}],"wp:attachment":[{"href":"https:\/\/sashamcinnis.com\/en\/wp-json\/wp\/v2\/media?parent=7264"}],"curies":[{"name":"wp","href":"https:\/\/api.w.org\/{rel}","templated":true}]}}