{"id":7266,"date":"2024-01-17T10:52:18","date_gmt":"2024-01-17T15:52:18","guid":{"rendered":"http:\/\/localhost\/sashamcinnis\/?page_id=7266"},"modified":"2024-02-02T23:42:04","modified_gmt":"2024-02-03T04:42:04","slug":"notaires","status":"publish","type":"page","link":"https:\/\/sashamcinnis.com\/en\/ressources\/notaires\/","title":{"rendered":"Notaries"},"content":{"rendered":"<p>[et_pb_section fb_built=\u00a0\u00bb1&Prime; _builder_version=\u00a0\u00bb4.23.4&Prime; _module_preset=\u00a0\u00bbdefault\u00a0\u00bb global_colors_info=\u00a0\u00bb{}\u00a0\u00bb][et_pb_row column_structure=\u00a0\u00bb3_5,2_5&Prime; _builder_version=\u00a0\u00bb4.23.1&Prime; _module_preset=\u00a0\u00bbdefault\u00a0\u00bb custom_margin=\u00a0\u00bb|||||false\u00a0\u00bb custom_padding=\u00a0\u00bb25px|25px|25px|25px|true|true\u00a0\u00bb border_width_all=\u00a0\u00bb2px\u00a0\u00bb border_color_all=\u00a0\u00bb#F3F5F6&Prime; global_colors_info=\u00a0\u00bb{}\u00a0\u00bb][et_pb_column type=\u00a0\u00bb3_5&Prime; _builder_version=\u00a0\u00bb4.23.1&Prime; _module_preset=\u00a0\u00bbdefault\u00a0\u00bb global_colors_info=\u00a0\u00bb{}\u00a0\u00bb][et_pb_heading title=\u00a0\u00bbNOTAIRES\u00a0\u00bb _builder_version=\u00a0\u00bb4.23.4&Prime; _module_preset=\u00a0\u00bbdefault\u00a0\u00bb title_font=\u00a0\u00bbLato|300||on|||||\u00a0\u00bb title_text_color=\u00a0\u00bb#FF6B6B\u00a0\u00bb title_line_height=\u00a0\u00bb0.9em\u00a0\u00bb global_colors_info=\u00a0\u00bb{}\u00a0\u00bb][\/et_pb_heading][et_pb_image src=\u00a0\u00bbhttps:\/\/sashamcinnis.com\/wp-content\/uploads\/2024\/01\/Notaires.png\u00a0\u00bb _builder_version=\u00a0\u00bb4.24.0&Prime; _module_preset=\u00a0\u00bbdefault\u00a0\u00bb hover_enabled=\u00a0\u00bb0&Prime; global_colors_info=\u00a0\u00bb{}\u00a0\u00bb sticky_enabled=\u00a0\u00bb0&Prime;][\/et_pb_image][et_pb_text _builder_version=\u00a0\u00bb4.23.2&Prime; _module_preset=\u00a0\u00bbdefault\u00a0\u00bb text_font=\u00a0\u00bbRoboto|300|||||||\u00a0\u00bb text_font_size=\u00a0\u00bb17px\u00a0\u00bb text_orientation=\u00a0\u00bbjustified\u00a0\u00bb global_colors_info=\u00a0\u00bb{}\u00a0\u00bb]<\/p>\n<p><span>Alors que plusieurs croient que le notaire a pour unique fonction de faire signer les diff\u00e9rents documents lors de la transaction d\u2019une propri\u00e9t\u00e9, il n\u2019en est rien. Son travail est bien plus diversifi\u00e9. Son intervention, obligatoire au Qu\u00e9bec, permet non seulement de prot\u00e9ger votre patrimoine, mais aussi vos droits.<\/span><\/p>\n<p><span>Le notaire agit principalement de mani\u00e8re pr\u00e9ventive, pour assurer la s\u00e9curit\u00e9 juridique et financi\u00e8re de ses clients lors de la transaction d\u2019un bien immobilier. Dans quelques situations, il peut aussi agir \u00e0 titre de m\u00e9diateur pour r\u00e9gler un conflit entre deux parties, dans le cas d\u2019une querelle de voisinage ou d\u2019un divorce par exemple.<\/span><span><\/span><\/p>\n<p>Il peut ainsi vous renseigner et vous conseiller, \u00e0 titre d\u2019expert impartial, sur plusieurs aspects li\u00e9s \u00e0 la vente ou l\u2019achat d\u2019une habitation, tels que\u2009:<\/p>\n<ul>\n<li>Les clauses et les\u00a0conditions \u00e0 inclure \u00e0 l\u2019offre d\u2019achat\u2009;<\/li>\n<li>L\u2019importance de v\u00e9rifier le<span>\u00a0<\/span>certificat de localisation\u2009;<\/li>\n<li>Les pr\u00e9cautions \u00e0 prendre lors de l\u2019achat d\u2019une<span>\u00a0<\/span>propri\u00e9t\u00e9 en indivision\u2009;<\/li>\n<li>L\u2019importance de v\u00e9rifier la<span>\u00a0<\/span>d\u00e9claration de copropri\u00e9t\u00e9<span>\u00a0<\/span>avant d\u2019acqu\u00e9rir un condo\u2009;<\/li>\n<li>Les diff\u00e9rentes formes de financement possible\u2009;<\/li>\n<li>Les implications l\u00e9gales des divers documents<\/li>\n<\/ul>\n<p><span><\/span><\/p>\n<p><strong>Remplissez le formulaire pour trouver le professionnel que vous cherchez.<\/strong><\/p>\n<p><span><\/span><\/p>\n<p>[\/et_pb_text][\/et_pb_column][et_pb_column type=\u00a0\u00bb2_5&Prime; _builder_version=\u00a0\u00bb4.23.1&Prime; _module_preset=\u00a0\u00bbdefault\u00a0\u00bb global_colors_info=\u00a0\u00bb{}\u00a0\u00bb][et_pb_text _builder_version=\u00a0\u00bb4.23.2&Prime; _module_preset=\u00a0\u00bbdefault\u00a0\u00bb text_font=\u00a0\u00bbRoboto||||||||\u00a0\u00bb text_font_size=\u00a0\u00bb17px\u00a0\u00bb global_colors_info=\u00a0\u00bb{}\u00a0\u00bb]<\/p>\n<p><strong>Pour obtenir plus de renseignements, remplissez ce formulaire :<\/strong><\/p>\n<p>[\/et_pb_text][wpforms_selector form_id=\u00a0\u00bb6823&Prime; _builder_version=\u00a0\u00bb4.23.3&Prime; _module_preset=\u00a0\u00bbdefault\u00a0\u00bb global_colors_info=\u00a0\u00bb{}\u00a0\u00bb][\/wpforms_selector][et_pb_text _builder_version=\u00a0\u00bb4.23.2&Prime; _module_preset=\u00a0\u00bbdefault\u00a0\u00bb text_font=\u00a0\u00bbRoboto|300|||||||\u00a0\u00bb global_colors_info=\u00a0\u00bb{}\u00a0\u00bb]<\/p>\n<p style=\"text-align: justify;\"><b>Nous prenons soin de votre vie priv\u00e9e<\/b><br \/><span>Si vous avez des questions quant \u00e0 la cueillette, l\u2019utilisation ou la divulgation de vos renseignements personnels, veuillez consulter la section\u00a0<\/span><u>politique d\u2019utilisation et confidentialit\u00e9<\/u><span>\u00a0accessible par le lien qui est disponible au bas de cette page.<\/span><\/p>\n<p>[\/et_pb_text][\/et_pb_column][\/et_pb_row][\/et_pb_section]<\/p>\n","protected":false},"excerpt":{"rendered":"<p>Alors que plusieurs croient que le notaire a pour unique fonction de faire signer les diff\u00e9rents documents lors de la transaction d\u2019une propri\u00e9t\u00e9, il n\u2019en est rien. Son travail est bien plus diversifi\u00e9. Son intervention, obligatoire au Qu\u00e9bec, permet non seulement de prot\u00e9ger votre patrimoine, mais aussi vos droits. Le notaire agit principalement de mani\u00e8re [&hellip;]<\/p>\n","protected":false},"author":1,"featured_media":0,"parent":7262,"menu_order":0,"comment_status":"closed","ping_status":"closed","template":"","meta":{"_et_pb_use_builder":"on","_et_pb_old_content":"","_et_gb_content_width":"","footnotes":""},"class_list":["post-7266","page","type-page","status-publish","hentry"],"_links":{"self":[{"href":"https:\/\/sashamcinnis.com\/en\/wp-json\/wp\/v2\/pages\/7266","targetHints":{"allow":["GET"]}}],"collection":[{"href":"https:\/\/sashamcinnis.com\/en\/wp-json\/wp\/v2\/pages"}],"about":[{"href":"https:\/\/sashamcinnis.com\/en\/wp-json\/wp\/v2\/types\/page"}],"author":[{"embeddable":true,"href":"https:\/\/sashamcinnis.com\/en\/wp-json\/wp\/v2\/users\/1"}],"replies":[{"embeddable":true,"href":"https:\/\/sashamcinnis.com\/en\/wp-json\/wp\/v2\/comments?post=7266"}],"version-history":[{"count":4,"href":"https:\/\/sashamcinnis.com\/en\/wp-json\/wp\/v2\/pages\/7266\/revisions"}],"predecessor-version":[{"id":7630,"href":"https:\/\/sashamcinnis.com\/en\/wp-json\/wp\/v2\/pages\/7266\/revisions\/7630"}],"up":[{"embeddable":true,"href":"https:\/\/sashamcinnis.com\/en\/wp-json\/wp\/v2\/pages\/7262"}],"wp:attachment":[{"href":"https:\/\/sashamcinnis.com\/en\/wp-json\/wp\/v2\/media?parent=7266"}],"curies":[{"name":"wp","href":"https:\/\/api.w.org\/{rel}","templated":true}]}}