{"id":7268,"date":"2024-01-17T11:02:49","date_gmt":"2024-01-17T16:02:49","guid":{"rendered":"http:\/\/localhost\/sashamcinnis\/?page_id=7268"},"modified":"2024-02-02T23:42:57","modified_gmt":"2024-02-03T04:42:57","slug":"avocats","status":"publish","type":"page","link":"https:\/\/sashamcinnis.com\/en\/ressources\/avocats\/","title":{"rendered":"Real Estate Lawyers"},"content":{"rendered":"<p>[et_pb_section fb_built=\u00a0\u00bb1&Prime; _builder_version=\u00a0\u00bb4.23.1&Prime; _module_preset=\u00a0\u00bbdefault\u00a0\u00bb global_colors_info=\u00a0\u00bb{}\u00a0\u00bb][et_pb_row column_structure=\u00a0\u00bb3_5,2_5&Prime; _builder_version=\u00a0\u00bb4.23.1&Prime; _module_preset=\u00a0\u00bbdefault\u00a0\u00bb custom_margin=\u00a0\u00bb|||||false\u00a0\u00bb custom_padding=\u00a0\u00bb25px|25px|25px|25px|true|true\u00a0\u00bb border_width_all=\u00a0\u00bb2px\u00a0\u00bb border_color_all=\u00a0\u00bb#F3F5F6&Prime; global_colors_info=\u00a0\u00bb{}\u00a0\u00bb][et_pb_column type=\u00a0\u00bb3_5&Prime; _builder_version=\u00a0\u00bb4.23.1&Prime; _module_preset=\u00a0\u00bbdefault\u00a0\u00bb global_colors_info=\u00a0\u00bb{}\u00a0\u00bb][et_pb_heading title=\u00a0\u00bbAVOCATS EN DROIT IMMOBILIER\u00a0\u00bb _builder_version=\u00a0\u00bb4.23.4&Prime; _module_preset=\u00a0\u00bbdefault\u00a0\u00bb title_font=\u00a0\u00bbLato|300||on|||||\u00a0\u00bb title_text_color=\u00a0\u00bb#FF6B6B\u00a0\u00bb title_line_height=\u00a0\u00bb0.9em\u00a0\u00bb global_colors_info=\u00a0\u00bb{}\u00a0\u00bb][\/et_pb_heading][et_pb_image src=\u00a0\u00bbhttps:\/\/sashamcinnis.com\/wp-content\/uploads\/2024\/01\/avocat.png\u00a0\u00bb _builder_version=\u00a0\u00bb4.24.0&Prime; _module_preset=\u00a0\u00bbdefault\u00a0\u00bb hover_enabled=\u00a0\u00bb0&Prime; global_colors_info=\u00a0\u00bb{}\u00a0\u00bb sticky_enabled=\u00a0\u00bb0&Prime;][\/et_pb_image][et_pb_text _builder_version=\u00a0\u00bb4.23.2&Prime; _module_preset=\u00a0\u00bbdefault\u00a0\u00bb text_font=\u00a0\u00bbRoboto|300|||||||\u00a0\u00bb text_font_size=\u00a0\u00bb17px\u00a0\u00bb text_orientation=\u00a0\u00bbjustified\u00a0\u00bb global_colors_info=\u00a0\u00bb{}\u00a0\u00bb]<\/p>\n<p><span>Droit familial, droit criminel, droit du travail, droit civil, droit de la personne\u2026 L\u2019avocat est une personne cl\u00e9 dans tout secteur. C\u2019est \u00e9galement le cas lorsqu\u2019il en vient au domaine de l\u2019immobilier. Comme ils sont grandement sollicit\u00e9s, plusieurs avocats se sp\u00e9cialisent en immobilier.\u00a0<\/span>Il s\u2019agit l\u00e0 d\u2019un avocat en droit immobilier<span>. Mais dans quelles circonstances faire affaire avec cet expert?<\/span><span><\/span><\/p>\n<p><span><\/span><\/p>\n<p><span>Vous venez de faire l\u2019acquisition d\u2019une propri\u00e9t\u00e9 et y d\u00e9couvrez de nombreux vices cach\u00e9s? Vous avez fait l\u2019acquisition d\u2019une nouvelle construction et l\u2019entrepreneur fait d\u00e9faut \u00e0 son contrat\u2009? Votre voisin ne respecte pas les limitations de votre terrain?\u00a0<\/span><span><\/span><span>Comme le domaine de l\u2019immobilier est complexe, les affaires litigieuses ne se font pas rares. Copropri\u00e9t\u00e9, servitude, permis de construction, achat, vente, bail commercial, trouble de voisinage, vice cach\u00e9, malfa\u00e7on\u2026 Rien n\u2019est hors de son expertise. Dans cette optique, l\u2019avocat en droit immobilier est le professionnel parfait afin de vous aider \u00e0 naviguer une telle situation.<\/span><\/p>\n<p><strong>Remplissez le formulaire pour trouver le professionnel que vous cherchez.<\/strong><\/p>\n<p><span><\/span><\/p>\n<p>[\/et_pb_text][\/et_pb_column][et_pb_column type=\u00a0\u00bb2_5&Prime; _builder_version=\u00a0\u00bb4.23.1&Prime; _module_preset=\u00a0\u00bbdefault\u00a0\u00bb global_colors_info=\u00a0\u00bb{}\u00a0\u00bb][et_pb_text _builder_version=\u00a0\u00bb4.23.2&Prime; _module_preset=\u00a0\u00bbdefault\u00a0\u00bb text_font=\u00a0\u00bbRoboto||||||||\u00a0\u00bb text_font_size=\u00a0\u00bb17px\u00a0\u00bb global_colors_info=\u00a0\u00bb{}\u00a0\u00bb]<\/p>\n<p><strong>Pour obtenir plus de renseignements, remplissez ce formulaire :<\/strong><\/p>\n<p>[\/et_pb_text][wpforms_selector form_id=\u00a0\u00bb6823&Prime; _builder_version=\u00a0\u00bb4.23.3&Prime; _module_preset=\u00a0\u00bbdefault\u00a0\u00bb global_colors_info=\u00a0\u00bb{}\u00a0\u00bb][\/wpforms_selector][et_pb_text _builder_version=\u00a0\u00bb4.23.2&Prime; _module_preset=\u00a0\u00bbdefault\u00a0\u00bb text_font=\u00a0\u00bbRoboto|300|||||||\u00a0\u00bb global_colors_info=\u00a0\u00bb{}\u00a0\u00bb]<\/p>\n<p style=\"text-align: justify;\"><b>Nous prenons soin de votre vie priv\u00e9e<\/b><br \/><span>Si vous avez des questions quant \u00e0 la cueillette, l\u2019utilisation ou la divulgation de vos renseignements personnels, veuillez consulter la section\u00a0<\/span><u>politique d\u2019utilisation et confidentialit\u00e9<\/u><span>\u00a0accessible par le lien qui est disponible au bas de cette page.<\/span><\/p>\n<p>[\/et_pb_text][\/et_pb_column][\/et_pb_row][\/et_pb_section]<\/p>\n","protected":false},"excerpt":{"rendered":"<p>Droit familial, droit criminel, droit du travail, droit civil, droit de la personne\u2026 L\u2019avocat est une personne cl\u00e9 dans tout secteur. C\u2019est \u00e9galement le cas lorsqu\u2019il en vient au domaine de l\u2019immobilier. Comme ils sont grandement sollicit\u00e9s, plusieurs avocats se sp\u00e9cialisent en immobilier.\u00a0Il s\u2019agit l\u00e0 d\u2019un avocat en droit immobilier. Mais dans quelles circonstances faire [&hellip;]<\/p>\n","protected":false},"author":1,"featured_media":0,"parent":7262,"menu_order":0,"comment_status":"closed","ping_status":"closed","template":"","meta":{"_et_pb_use_builder":"on","_et_pb_old_content":"","_et_gb_content_width":"","footnotes":""},"class_list":["post-7268","page","type-page","status-publish","hentry"],"_links":{"self":[{"href":"https:\/\/sashamcinnis.com\/en\/wp-json\/wp\/v2\/pages\/7268","targetHints":{"allow":["GET"]}}],"collection":[{"href":"https:\/\/sashamcinnis.com\/en\/wp-json\/wp\/v2\/pages"}],"about":[{"href":"https:\/\/sashamcinnis.com\/en\/wp-json\/wp\/v2\/types\/page"}],"author":[{"embeddable":true,"href":"https:\/\/sashamcinnis.com\/en\/wp-json\/wp\/v2\/users\/1"}],"replies":[{"embeddable":true,"href":"https:\/\/sashamcinnis.com\/en\/wp-json\/wp\/v2\/comments?post=7268"}],"version-history":[{"count":3,"href":"https:\/\/sashamcinnis.com\/en\/wp-json\/wp\/v2\/pages\/7268\/revisions"}],"predecessor-version":[{"id":7632,"href":"https:\/\/sashamcinnis.com\/en\/wp-json\/wp\/v2\/pages\/7268\/revisions\/7632"}],"up":[{"embeddable":true,"href":"https:\/\/sashamcinnis.com\/en\/wp-json\/wp\/v2\/pages\/7262"}],"wp:attachment":[{"href":"https:\/\/sashamcinnis.com\/en\/wp-json\/wp\/v2\/media?parent=7268"}],"curies":[{"name":"wp","href":"https:\/\/api.w.org\/{rel}","templated":true}]}}