{"id":7271,"date":"2024-01-17T11:03:31","date_gmt":"2024-01-17T16:03:31","guid":{"rendered":"http:\/\/localhost\/sashamcinnis\/?page_id=7271"},"modified":"2024-02-02T23:42:30","modified_gmt":"2024-02-03T04:42:30","slug":"demenagement","status":"publish","type":"page","link":"https:\/\/sashamcinnis.com\/en\/ressources\/demenagement\/","title":{"rendered":"Moving companies"},"content":{"rendered":"<p>[et_pb_section fb_built=\u00a0\u00bb1&Prime; _builder_version=\u00a0\u00bb4.23.4&Prime; _module_preset=\u00a0\u00bbdefault\u00a0\u00bb global_colors_info=\u00a0\u00bb{}\u00a0\u00bb][et_pb_row column_structure=\u00a0\u00bb3_5,2_5&Prime; _builder_version=\u00a0\u00bb4.23.1&Prime; _module_preset=\u00a0\u00bbdefault\u00a0\u00bb custom_margin=\u00a0\u00bb|||||false\u00a0\u00bb custom_padding=\u00a0\u00bb25px|25px|25px|25px|true|true\u00a0\u00bb border_width_all=\u00a0\u00bb2px\u00a0\u00bb border_color_all=\u00a0\u00bb#F3F5F6&Prime; global_colors_info=\u00a0\u00bb{}\u00a0\u00bb][et_pb_column type=\u00a0\u00bb3_5&Prime; _builder_version=\u00a0\u00bb4.23.1&Prime; _module_preset=\u00a0\u00bbdefault\u00a0\u00bb global_colors_info=\u00a0\u00bb{}\u00a0\u00bb][et_pb_heading title=\u00a0\u00bbCOMPAGNIES DE D\u00c9M\u00c9NAGEMENT\u00a0\u00bb _builder_version=\u00a0\u00bb4.23.4&Prime; _module_preset=\u00a0\u00bbdefault\u00a0\u00bb title_font=\u00a0\u00bbLato|300||on|||||\u00a0\u00bb title_text_color=\u00a0\u00bb#FF6B6B\u00a0\u00bb title_line_height=\u00a0\u00bb0.9em\u00a0\u00bb global_colors_info=\u00a0\u00bb{}\u00a0\u00bb][\/et_pb_heading][et_pb_image src=\u00a0\u00bbhttps:\/\/sashamcinnis.com\/wp-content\/uploads\/2024\/01\/demenageurs.png\u00a0\u00bb _builder_version=\u00a0\u00bb4.24.0&Prime; _module_preset=\u00a0\u00bbdefault\u00a0\u00bb hover_enabled=\u00a0\u00bb0&Prime; global_colors_info=\u00a0\u00bb{}\u00a0\u00bb sticky_enabled=\u00a0\u00bb0&Prime;][\/et_pb_image][et_pb_text _builder_version=\u00a0\u00bb4.23.2&Prime; _module_preset=\u00a0\u00bbdefault\u00a0\u00bb text_font=\u00a0\u00bbRoboto|300|||||||\u00a0\u00bb text_font_size=\u00a0\u00bb17px\u00a0\u00bb text_orientation=\u00a0\u00bbjustified\u00a0\u00bb global_colors_info=\u00a0\u00bb{}\u00a0\u00bb]<\/p>\n<p>Le choix d\u2019un d\u00e9m\u00e9nageur est avant tout une d\u00e9cision personnelle. Toutefois, il est g\u00e9n\u00e9ralement recommand\u00e9 de faire affaire avec une compagnie r\u00e9put\u00e9e<span>\u00a0<\/span>dans votre r\u00e9gion. Pourquoi? Tout simplement parce qu\u2019une entreprise connue et bien \u00e9tablie comporte moins de risque pour le client.<\/p>\n<p>Un individu vous annonce dans une publication sur les r\u00e9seaux sociaux qu\u2019il peut vous d\u00e9m\u00e9nager rapidement et \u00e0 moindres frais? Vous avez seulement un num\u00e9ro de t\u00e9l\u00e9phone ou une adresse courriel pour le rejoindre? M\u00e9fiez-vous! Il pourrait s\u2019agir d\u2019une arnaque. Et m\u00eame si ce n\u2019est pas le cas, il est peu probable que cette personne dispose de l\u2019\u00e9quipement et des assurances n\u00e9cessaires.<\/p>\n<p>Contrairement \u00e0 ce que vous pouvez croire, les d\u00e9m\u00e9nagements qui se transforment en cauchemar n\u2019arrivent pas qu\u2019aux autres. Mieux vaut \u00eatre prudent et ne pas prendre de risque inutile. Privil\u00e9giez donc un d\u00e9m\u00e9nageur reconnu, que ce soit une grande banni\u00e8re ou une entreprise locale.<\/p>\n<p><strong>Remplissez le formulaire pour trouver le professionnel que vous cherchez.<\/strong><\/p>\n<p>[\/et_pb_text][\/et_pb_column][et_pb_column type=\u00a0\u00bb2_5&Prime; _builder_version=\u00a0\u00bb4.23.1&Prime; _module_preset=\u00a0\u00bbdefault\u00a0\u00bb global_colors_info=\u00a0\u00bb{}\u00a0\u00bb][et_pb_text _builder_version=\u00a0\u00bb4.23.2&Prime; _module_preset=\u00a0\u00bbdefault\u00a0\u00bb text_font=\u00a0\u00bbRoboto||||||||\u00a0\u00bb text_font_size=\u00a0\u00bb17px\u00a0\u00bb global_colors_info=\u00a0\u00bb{}\u00a0\u00bb]<\/p>\n<p><strong>Pour obtenir plus de renseignements, remplissez ce formulaire :<\/strong><\/p>\n<p>[\/et_pb_text][wpforms_selector form_id=\u00a0\u00bb6823&Prime; _builder_version=\u00a0\u00bb4.23.3&Prime; _module_preset=\u00a0\u00bbdefault\u00a0\u00bb global_colors_info=\u00a0\u00bb{}\u00a0\u00bb][\/wpforms_selector][et_pb_text _builder_version=\u00a0\u00bb4.23.2&Prime; _module_preset=\u00a0\u00bbdefault\u00a0\u00bb text_font=\u00a0\u00bbRoboto|300|||||||\u00a0\u00bb global_colors_info=\u00a0\u00bb{}\u00a0\u00bb]<\/p>\n<p style=\"text-align: justify;\"><b>Nous prenons soin de votre vie priv\u00e9e<\/b><br \/><span>Si vous avez des questions quant \u00e0 la cueillette, l\u2019utilisation ou la divulgation de vos renseignements personnels, veuillez consulter la section\u00a0<\/span><u>politique d\u2019utilisation et confidentialit\u00e9<\/u><span>\u00a0accessible par le lien qui est disponible au bas de cette page.<\/span><\/p>\n<p>[\/et_pb_text][\/et_pb_column][\/et_pb_row][\/et_pb_section]<\/p>\n","protected":false},"excerpt":{"rendered":"<p>Le choix d\u2019un d\u00e9m\u00e9nageur est avant tout une d\u00e9cision personnelle. Toutefois, il est g\u00e9n\u00e9ralement recommand\u00e9 de faire affaire avec une compagnie r\u00e9put\u00e9e\u00a0dans votre r\u00e9gion. Pourquoi? Tout simplement parce qu\u2019une entreprise connue et bien \u00e9tablie comporte moins de risque pour le client. Un individu vous annonce dans une publication sur les r\u00e9seaux sociaux qu\u2019il peut vous [&hellip;]<\/p>\n","protected":false},"author":1,"featured_media":0,"parent":7262,"menu_order":0,"comment_status":"closed","ping_status":"closed","template":"","meta":{"_et_pb_use_builder":"on","_et_pb_old_content":"<!-- wp:divi\/placeholder \/-->","_et_gb_content_width":"","footnotes":""},"class_list":["post-7271","page","type-page","status-publish","hentry"],"_links":{"self":[{"href":"https:\/\/sashamcinnis.com\/en\/wp-json\/wp\/v2\/pages\/7271","targetHints":{"allow":["GET"]}}],"collection":[{"href":"https:\/\/sashamcinnis.com\/en\/wp-json\/wp\/v2\/pages"}],"about":[{"href":"https:\/\/sashamcinnis.com\/en\/wp-json\/wp\/v2\/types\/page"}],"author":[{"embeddable":true,"href":"https:\/\/sashamcinnis.com\/en\/wp-json\/wp\/v2\/users\/1"}],"replies":[{"embeddable":true,"href":"https:\/\/sashamcinnis.com\/en\/wp-json\/wp\/v2\/comments?post=7271"}],"version-history":[{"count":4,"href":"https:\/\/sashamcinnis.com\/en\/wp-json\/wp\/v2\/pages\/7271\/revisions"}],"predecessor-version":[{"id":7631,"href":"https:\/\/sashamcinnis.com\/en\/wp-json\/wp\/v2\/pages\/7271\/revisions\/7631"}],"up":[{"embeddable":true,"href":"https:\/\/sashamcinnis.com\/en\/wp-json\/wp\/v2\/pages\/7262"}],"wp:attachment":[{"href":"https:\/\/sashamcinnis.com\/en\/wp-json\/wp\/v2\/media?parent=7271"}],"curies":[{"name":"wp","href":"https:\/\/api.w.org\/{rel}","templated":true}]}}