{"id":7684,"date":"2024-02-05T14:04:47","date_gmt":"2024-02-05T19:04:47","guid":{"rendered":"https:\/\/sashamcinnis.com\/?page_id=7684"},"modified":"2024-02-05T15:19:16","modified_gmt":"2024-02-05T20:19:16","slug":"achat_certification","status":"publish","type":"page","link":"https:\/\/sashamcinnis.com\/en\/acheter\/achat_certification\/","title":{"rendered":"Achat Programme de Certification pour acheteur"},"content":{"rendered":"<p>[et_pb_section fb_built=\u00a0\u00bb1&Prime; _builder_version=\u00a0\u00bb4.23.4&Prime; _module_preset=\u00a0\u00bbdefault\u00a0\u00bb global_colors_info=\u00a0\u00bb{}\u00a0\u00bb][et_pb_row _builder_version=\u00a0\u00bb4.24.0&Prime; _module_preset=\u00a0\u00bbdefault\u00a0\u00bb global_colors_info=\u00a0\u00bb{}\u00a0\u00bb][et_pb_column type=\u00a0\u00bb4_4&Prime; _builder_version=\u00a0\u00bb4.24.0&Prime; _module_preset=\u00a0\u00bbdefault\u00a0\u00bb global_colors_info=\u00a0\u00bb{}\u00a0\u00bb][et_pb_heading title=\u00a0\u00bbDEVENEZ UN ACHETEUR CERTIFI\u00c9\u00a0\u00bb _builder_version=\u00a0\u00bb4.24.0&Prime; _module_preset=\u00a0\u00bbdefault\u00a0\u00bb title_font=\u00a0\u00bbLato|300||on|||||\u00a0\u00bb title_text_align=\u00a0\u00bbcenter\u00a0\u00bb title_text_color=\u00a0\u00bb#FF6B6B\u00a0\u00bb title_line_height=\u00a0\u00bb0.9em\u00a0\u00bb global_colors_info=\u00a0\u00bb{}\u00a0\u00bb][\/et_pb_heading][\/et_pb_column][\/et_pb_row][et_pb_row column_structure=\u00a0\u00bb1_2,1_2&Prime; _builder_version=\u00a0\u00bb4.24.0&Prime; _module_preset=\u00a0\u00bbdefault\u00a0\u00bb global_colors_info=\u00a0\u00bb{}\u00a0\u00bb][et_pb_column type=\u00a0\u00bb1_2&Prime; _builder_version=\u00a0\u00bb4.24.0&Prime; _module_preset=\u00a0\u00bbdefault\u00a0\u00bb global_colors_info=\u00a0\u00bb{}\u00a0\u00bb][et_pb_image src=\u00a0\u00bbhttps:\/\/sashamcinnis.com\/wp-content\/uploads\/2024\/02\/Certificate-logo.png\u00a0\u00bb align=\u00a0\u00bbcenter\u00a0\u00bb _builder_version=\u00a0\u00bb4.24.0&Prime; _module_preset=\u00a0\u00bbdefault\u00a0\u00bb max_height=\u00a0\u00bb250px\u00a0\u00bb hover_enabled=\u00a0\u00bb0&Prime; global_colors_info=\u00a0\u00bb{}\u00a0\u00bb sticky_enabled=\u00a0\u00bb0&Prime;][\/et_pb_image][\/et_pb_column][et_pb_column type=\u00a0\u00bb1_2&Prime; _builder_version=\u00a0\u00bb4.24.0&Prime; _module_preset=\u00a0\u00bbdefault\u00a0\u00bb global_colors_info=\u00a0\u00bb{}\u00a0\u00bb][et_pb_image src=\u00a0\u00bbhttps:\/\/sashamcinnis.com\/wp-content\/uploads\/2024\/02\/ACQ-Eesidentiel.png\u00a0\u00bb title_text=\u00a0\u00bbACQ Eesidentiel\u00a0\u00bb _builder_version=\u00a0\u00bb4.24.0&Prime; _module_preset=\u00a0\u00bbdefault\u00a0\u00bb max_height=\u00a0\u00bb250px\u00a0\u00bb hover_enabled=\u00a0\u00bb0&Prime; global_colors_info=\u00a0\u00bb{}\u00a0\u00bb align=\u00a0\u00bbcenter\u00a0\u00bb sticky_enabled=\u00a0\u00bb0&Prime;][\/et_pb_image][\/et_pb_column][\/et_pb_row][et_pb_row _builder_version=\u00a0\u00bb4.23.1&Prime; _module_preset=\u00a0\u00bbdefault\u00a0\u00bb custom_margin=\u00a0\u00bb|||||false\u00a0\u00bb custom_padding=\u00a0\u00bb25px|25px|25px|25px|true|true\u00a0\u00bb border_width_all=\u00a0\u00bb2px\u00a0\u00bb border_color_all=\u00a0\u00bb#F3F5F6&Prime; global_colors_info=\u00a0\u00bb{}\u00a0\u00bb][et_pb_column type=\u00a0\u00bb4_4&Prime; _builder_version=\u00a0\u00bb4.23.1&Prime; _module_preset=\u00a0\u00bbdefault\u00a0\u00bb global_colors_info=\u00a0\u00bb{}\u00a0\u00bb][et_pb_text _builder_version=\u00a0\u00bb4.24.0&Prime; _module_preset=\u00a0\u00bbdefault\u00a0\u00bb text_font=\u00a0\u00bbRoboto|300|||||||\u00a0\u00bb text_font_size=\u00a0\u00bb17px\u00a0\u00bb text_orientation=\u00a0\u00bbjustified\u00a0\u00bb global_colors_info=\u00a0\u00bb{}\u00a0\u00bb]<\/p>\n<p style=\"text-align: justify;\"><strong>Le programme de certification pour les acheteurs vous permet:<\/strong><\/p>\n<ul style=\"text-align: justify;\">\n<li>D&rsquo;avoir des solutions auxquelles vous pouvez recourir en cas de d\u00e9couverte de vices cach\u00e9s, c&rsquo;est-\u00e0-dire un service de conciliation vous permettant de minimiser les co\u00fbts et le stress li\u00e9s \u00e0 une d\u00e9marche judiciaire.<\/li>\n<li>D&rsquo;\u00eatre favoris\u00e9 par les vendeurs pour la paix d\u2019esprit que vous leur procurez du fait que vous b\u00e9n\u00e9ficiez de solutions qui les \u00e9loigne d\u2019une poursuite, en cas de d\u00e9couverte de vices cach\u00e9s.<\/li>\n<li>De b\u00e9n\u00e9ficier de conseils techniques GRATUITS aupr\u00e8s d&rsquo;un technologue en b\u00e2timent.<\/li>\n<li>Acc\u00e8s aux meilleurs entrepreneurs ainsi qu&rsquo;une protection financi\u00e8re en cas de d\u00e9fauts tout en assurant la r\u00e9alisation de vos r\u00e9novations, gr\u00e2ce au programme Garantie Qualit\u00e9 R\u00e9novation.<\/li>\n<\/ul>\n<p style=\"text-align: justify;\"><strong>Composantes et avantages du Programme:<\/strong><\/p>\n<p style=\"text-align: justify;\"><strong>1. Service d\u2019assistance technique aupr\u00e8s de technologues<\/strong><\/p>\n<p style=\"text-align: justify;\">Vous b\u00e9n\u00e9ficierez de l\u2019expertise technique des technologues en b\u00e2timent de l&rsquo;ACQ R\u00e9sidentiel pour une p\u00e9riode de 24 mois \u00e0 compter de la date de la transaction. Un acc\u00e8s t\u00e9l\u00e9phonique illimit\u00e9 sans frais.<\/p>\n<p style=\"text-align: justify;\"><strong>2. Garantie Qualit\u00e9 R\u00e9novation<\/strong><\/p>\n<p style=\"text-align: justify;\">La Garantie Qualit\u00e9 R\u00e9novation est un programme d\u2019assistance et de protection pour vos travaux de r\u00e9novation. Gr\u00e2ce \u00e0 cette protection \u00e9mise par ACQ R\u00e9sidentiel, vous serez assist\u00e9 dans le choix de l\u2019entrepreneur. Et, pour votre paix d\u2019esprit, vos acomptes seront s\u00e9curis\u00e9s, vous profitez ainsi d\u2019une protection financi\u00e8re en cas de d\u00e9fauts de m\u00eame qu\u2019une garantie de parach\u00e8vement des travaux. D\u00e8s votre souscription au Programme de Certification et pour les 24 mois suivant la signature de l\u2019acte de vente ce programme vous procure la certitude de faire affaire avec un entrepreneur de confiance, un soutien technique, une protection compl\u00e8te en cas de travaux mal r\u00e9alis\u00e9s ou inachev\u00e9s et un service d\u2019accompagnement en cas de r\u00e9clamation.<\/p>\n<p style=\"text-align: justify;\"><strong>3. Service de conciliation en cas de d\u00e9couverte de vices cach\u00e9<\/strong>s<\/p>\n<p style=\"text-align: justify;\">En cas de d\u00e9couverte de vices cach\u00e9s affectant un b\u00e2timent, le service propose aux parties une conciliation men\u00e9e par un technologue de ACQ R\u00e9sidentiel form\u00e9 en la mati\u00e8re. Sur\u00a0r\u00e9ception\u00a0d\u2019une r\u00e9clamation par \u00e9crit de l\u2019ACHETEUR,\u00a0le\u00a0technologue-conciliateur\u00a0r\u00e9unit\u00a0les\u00a0parties\u00a0\u00e0\u00a0la propri\u00e9t\u00e9 pour v\u00e9rifier en leur pr\u00e9sence les \u00e9l\u00e9ments litigieux. Fort de ses constations et de son exp\u00e9rience, le technologue m\u00e8ne une s\u00e9ance de conciliation afin de conduire les parties \u00e0 un r\u00e8glement \u00e0 l\u2019amiable, qu\u2019il consigne par \u00e9crit. Le taux de r\u00e8glement hors cours exc\u00e8de les 90% * et \u00e9vite aux parties le stress et les frais associ\u00e9s \u00e0 une d\u00e9marche judiciaire.<\/p>\n<p style=\"text-align: justify;\"><em>*Taux\u00a0de\u00a0r\u00e8glement\u00a0hors\u00a0de\u00a0cours\u00a0compil\u00e9\u00a0par\u00a0ACQ\u00a0R\u00e9sidentiel.<\/em><\/p>\n<p style=\"text-align: justify;\"><strong>Types de b\u00e2timents admissibles<\/strong><\/p>\n<p style=\"text-align: justify;\">Le programme s\u2019applique aux b\u00e2timents de type r\u00e9sidentiel, commercial et multi-logement sans \u00e9gard aux nombres d\u2019unit\u00e9s.<\/p>\n<p style=\"text-align: justify;\"><strong>Exclusions\u00a0<\/strong><\/p>\n<p style=\"text-align: justify;\">Le pr\u00e9sent programme ne s&rsquo;applique pas:<\/p>\n<p style=\"text-align: justify;\">1. \u00c0 une propri\u00e9t\u00e9 qui b\u00e9n\u00e9ficie d\u2019un autre plan de Garantie dont le Plan de garantie des b\u00e2timents r\u00e9sidentiels neufs (GCR).<\/p>\n<p style=\"text-align: justify;\">2. Aux terrains.<\/p>\n<p style=\"text-align: justify;\">3. Aux maisons mobiles<\/p>\n<p style=\"text-align: justify;\">4. \u00c0 une propri\u00e9t\u00e9 non fix\u00e9e \u00e0 demeure.<\/p>\n<p style=\"text-align: justify;\">Les technologues \u00e0 l\u2019emploi de l\u2019ACQ R\u00e9sidentiel \u0153uvrent dans le domaine du b\u00e2timent, du cadre b\u00e2ti. Un probl\u00e8me qui \u00e0 titre d\u2019exemple porte sur la qualit\u00e9 du sol, sur des questions environnementales, les drains, les syst\u00e8mes d\u2019approvisionnement en eaux et les syst\u00e8mes sanitaires et autres de m\u00eame nature \u00e9chappent \u00e0 leur domaine de connaissance. Sans compter qu\u2019un simple examen visuel ne puisse \u00eatre facile sans appareil. Cela limite d\u2019autant l\u2019\u00e9tendue de leurs conseils techniques ou \u00e0 intervenir en conciliation.<\/p>\n<p style=\"text-align: justify;\">Toutefois, bien qu\u2019un garage puisse \u00eatre s\u00e9par\u00e9 du b\u00e2timent principal, comme celui-ci est une construction, un vice qui l\u2019affecte pourra \u00eatre soumis au service de conciliation.<\/p>\n<p style=\"text-align: justify;\"><strong>G\u00e9n\u00e9ralit\u00e9s<\/strong><\/p>\n<p style=\"text-align: justify;\">L\u2019ACHETEUR reconnait avoir \u00e9t\u00e9 bien inform\u00e9 par le COURTIER de l\u2019ensemble des conditions et modalit\u00e9s d\u2019application du programme de Certification et s\u2019en d\u00e9clare satisfait.<\/p>\n<p style=\"text-align: justify;\"><strong>Autorisation<\/strong><\/p>\n<p style=\"text-align: justify;\">L\u2019AGENCE ou le COURTIER recueille, utilise et communique les renseignements personnels, conform\u00e9ment aux dispositions des lois applicables et \u00e0 la politique de protection des renseignements personnels qui peut \u00eatre consult\u00e9e en ligne \u00e0:<\/p>\n<p style=\"text-align: justify;\"><a href=\"https:\/\/www.nousvendonsvotremaison.com\/privacy\" target=\"_blank\" rel=\"noopener\"> https:\/\/www.nousvendonsvotremaison.com\/privacy<\/a><\/p>\n<p style=\"text-align: justify;\">et<\/p>\n<p style=\"text-align: justify;\"><a href=\"https:\/\/www.sashamcinnis.com\/privacy\" target=\"_blank\" rel=\"noopener\">https:\/\/www.sashamcinnis.com\/privacy<\/a><\/p>\n<p style=\"text-align: justify;\">Ces renseignements personnels sont recueillis par le biais d\u2019autres documents soumis ou \u00e0 soumettre dans le cadre de la transaction immobili\u00e8re. Ces renseignements personnels sont n\u00e9cessaires et ils seront utilis\u00e9s et partag\u00e9s aux partenaires suivantes et aux fins suivantes :<\/p>\n<ul style=\"text-align: justify;\">\n<li>\u00c0 l\u2019ACQ r\u00e9sidentiel, pour l\u2019adh\u00e9sion, l\u2019administration et la proposition de leurs divers produits et services, dont: Le programme de conciliation en cas de vices cach\u00e9s, le service de soutien technique, la Garantie Qualit\u00e9 R\u00e9novation.<\/li>\n<li>\u00c0 9490-382 Qu\u00e9bec inc., soci\u00e9t\u00e9 partenaire de Nous vendons votre maison inc. qui administre le pr\u00e9sent programme.<\/li>\n<\/ul>\n<p style=\"text-align: justify;\"><strong> Administration et communication<\/strong><\/p>\n<p style=\"text-align: justify;\">Programme administr\u00e9 par 9490-3382 Qu\u00e9bec inc., soci\u00e9t\u00e9 partenaire de l\u2019AGENCE Nous Vendons Votre Maison inc.<\/p>\n<p>[\/et_pb_text][et_pb_button button_url=\u00a0\u00bbhttps:\/\/buy.stripe.com\/6oE01l5aodTYfGo9AB?locale=fr-CA&#038;__embed_source=buy_btn_1Obr84IVjKEKHmfUoI74fHQC\u00a0\u00bb url_new_window=\u00a0\u00bbon\u00a0\u00bb button_text=\u00a0\u00bbAchetez Maintenant\u00a0\u00bb button_alignment=\u00a0\u00bbcenter\u00a0\u00bb _builder_version=\u00a0\u00bb4.24.0&Prime; _module_preset=\u00a0\u00bbdefault\u00a0\u00bb custom_button=\u00a0\u00bbon\u00a0\u00bb button_text_color=\u00a0\u00bb#FFFFFF\u00a0\u00bb button_bg_color=\u00a0\u00bb#FF6B6B\u00a0\u00bb button_font=\u00a0\u00bbRoboto|300|||||||\u00a0\u00bb hover_enabled=\u00a0\u00bb0&Prime; box_shadow_style=\u00a0\u00bbpreset1&Prime; global_colors_info=\u00a0\u00bb{}\u00a0\u00bb background_layout=\u00a0\u00bbdark\u00a0\u00bb sticky_enabled=\u00a0\u00bb0&Prime;][\/et_pb_button][\/et_pb_column][\/et_pb_row][et_pb_row _builder_version=\u00a0\u00bb4.24.0&Prime; _module_preset=\u00a0\u00bbdefault\u00a0\u00bb][et_pb_column _builder_version=\u00a0\u00bb4.24.0&Prime; _module_preset=\u00a0\u00bbdefault\u00a0\u00bb type=\u00a0\u00bb4_4&Prime;][et_pb_text _builder_version=\u00a0\u00bb4.24.0&Prime; _module_preset=\u00a0\u00bbdefault\u00a0\u00bb header_text_align=\u00a0\u00bbcenter\u00a0\u00bb global_colors_info=\u00a0\u00bb{}\u00a0\u00bb]<\/p>\n<p style=\"text-align: center;\"><span>Moyens de paiement pris en charge<\/span><\/p>\n<p>[\/et_pb_text][\/et_pb_column][\/et_pb_row][et_pb_row column_structure=\u00a0\u00bb1_6,1_6,1_6,1_6,1_6,1_6&Prime; _builder_version=\u00a0\u00bb4.24.0&Prime; _module_preset=\u00a0\u00bbdefault\u00a0\u00bb global_colors_info=\u00a0\u00bb{}\u00a0\u00bb][et_pb_column type=\u00a0\u00bb1_6&Prime; _builder_version=\u00a0\u00bb4.24.0&Prime; _module_preset=\u00a0\u00bbdefault\u00a0\u00bb global_colors_info=\u00a0\u00bb{}\u00a0\u00bb][\/et_pb_column][et_pb_column type=\u00a0\u00bb1_6&Prime; _builder_version=\u00a0\u00bb4.24.0&Prime; _module_preset=\u00a0\u00bbdefault\u00a0\u00bb global_colors_info=\u00a0\u00bb{}\u00a0\u00bb][et_pb_icon font_icon=\u00a0\u00bb&#xf1f3;||fa||400&Prime; icon_color=\u00a0\u00bb#489ADC\u00a0\u00bb icon_width=\u00a0\u00bb25px\u00a0\u00bb _builder_version=\u00a0\u00bb4.24.0&Prime; _module_preset=\u00a0\u00bbdefault\u00a0\u00bb hover_enabled=\u00a0\u00bb0&Prime; global_colors_info=\u00a0\u00bb{}\u00a0\u00bb sticky_enabled=\u00a0\u00bb0&Prime;][\/et_pb_icon][\/et_pb_column][et_pb_column type=\u00a0\u00bb1_6&Prime; _builder_version=\u00a0\u00bb4.24.0&Prime; _module_preset=\u00a0\u00bbdefault\u00a0\u00bb global_colors_info=\u00a0\u00bb{}\u00a0\u00bb][et_pb_icon font_icon=\u00a0\u00bb&#xf1f1;||fa||400&Prime; icon_color=\u00a0\u00bb#489ADC\u00a0\u00bb icon_width=\u00a0\u00bb25px\u00a0\u00bb _builder_version=\u00a0\u00bb4.24.0&Prime; _module_preset=\u00a0\u00bbdefault\u00a0\u00bb hover_enabled=\u00a0\u00bb0&Prime; global_colors_info=\u00a0\u00bb{}\u00a0\u00bb sticky_enabled=\u00a0\u00bb0&Prime;][\/et_pb_icon][\/et_pb_column][et_pb_column type=\u00a0\u00bb1_6&Prime; _builder_version=\u00a0\u00bb4.24.0&Prime; _module_preset=\u00a0\u00bbdefault\u00a0\u00bb global_colors_info=\u00a0\u00bb{}\u00a0\u00bb][et_pb_icon font_icon=\u00a0\u00bb&#xf1f0;||fa||400&Prime; icon_color=\u00a0\u00bb#489ADC\u00a0\u00bb icon_width=\u00a0\u00bb25px\u00a0\u00bb _builder_version=\u00a0\u00bb4.24.0&Prime; _module_preset=\u00a0\u00bbdefault\u00a0\u00bb hover_enabled=\u00a0\u00bb0&Prime; global_colors_info=\u00a0\u00bb{}\u00a0\u00bb sticky_enabled=\u00a0\u00bb0&Prime;][\/et_pb_icon][\/et_pb_column][et_pb_column type=\u00a0\u00bb1_6&Prime; _builder_version=\u00a0\u00bb4.24.0&Prime; _module_preset=\u00a0\u00bbdefault\u00a0\u00bb global_colors_info=\u00a0\u00bb{}\u00a0\u00bb][et_pb_icon font_icon=\u00a0\u00bb&#xe079;||fa||400&Prime; icon_color=\u00a0\u00bb#489ADC\u00a0\u00bb icon_width=\u00a0\u00bb25px\u00a0\u00bb _builder_version=\u00a0\u00bb4.24.0&Prime; _module_preset=\u00a0\u00bbdefault\u00a0\u00bb hover_enabled=\u00a0\u00bb0&Prime; global_colors_info=\u00a0\u00bb{}\u00a0\u00bb sticky_enabled=\u00a0\u00bb0&Prime;][\/et_pb_icon][\/et_pb_column][et_pb_column type=\u00a0\u00bb1_6&Prime; _builder_version=\u00a0\u00bb4.24.0&Prime; _module_preset=\u00a0\u00bbdefault\u00a0\u00bb global_colors_info=\u00a0\u00bb{}\u00a0\u00bb][\/et_pb_column][\/et_pb_row][\/et_pb_section]<\/p>\n","protected":false},"excerpt":{"rendered":"<p>Le programme de certification pour les acheteurs vous permet: D&rsquo;avoir des solutions auxquelles vous pouvez recourir en cas de d\u00e9couverte de vices cach\u00e9s, c&rsquo;est-\u00e0-dire un service de conciliation vous permettant de minimiser les co\u00fbts et le stress li\u00e9s \u00e0 une d\u00e9marche judiciaire. D&rsquo;\u00eatre favoris\u00e9 par les vendeurs pour la paix d\u2019esprit que vous leur procurez [&hellip;]<\/p>\n","protected":false},"author":1,"featured_media":0,"parent":15,"menu_order":0,"comment_status":"closed","ping_status":"closed","template":"","meta":{"_et_pb_use_builder":"on","_et_pb_old_content":"<!-- wp:divi\/placeholder \/-->","_et_gb_content_width":"","footnotes":""},"class_list":["post-7684","page","type-page","status-publish","hentry"],"_links":{"self":[{"href":"https:\/\/sashamcinnis.com\/en\/wp-json\/wp\/v2\/pages\/7684","targetHints":{"allow":["GET"]}}],"collection":[{"href":"https:\/\/sashamcinnis.com\/en\/wp-json\/wp\/v2\/pages"}],"about":[{"href":"https:\/\/sashamcinnis.com\/en\/wp-json\/wp\/v2\/types\/page"}],"author":[{"embeddable":true,"href":"https:\/\/sashamcinnis.com\/en\/wp-json\/wp\/v2\/users\/1"}],"replies":[{"embeddable":true,"href":"https:\/\/sashamcinnis.com\/en\/wp-json\/wp\/v2\/comments?post=7684"}],"version-history":[{"count":17,"href":"https:\/\/sashamcinnis.com\/en\/wp-json\/wp\/v2\/pages\/7684\/revisions"}],"predecessor-version":[{"id":7711,"href":"https:\/\/sashamcinnis.com\/en\/wp-json\/wp\/v2\/pages\/7684\/revisions\/7711"}],"up":[{"embeddable":true,"href":"https:\/\/sashamcinnis.com\/en\/wp-json\/wp\/v2\/pages\/15"}],"wp:attachment":[{"href":"https:\/\/sashamcinnis.com\/en\/wp-json\/wp\/v2\/media?parent=7684"}],"curies":[{"name":"wp","href":"https:\/\/api.w.org\/{rel}","templated":true}]}}